{"id":6822,"date":"2023-09-27T12:37:20","date_gmt":"2023-09-27T10:37:20","guid":{"rendered":"https:\/\/www.esportec.cat\/activitats\/tarragona-segway-tour\/"},"modified":"2025-06-10T12:58:34","modified_gmt":"2025-06-10T10:58:34","slug":"tarragone-segway-tour","status":"publish","type":"product","link":"https:\/\/www.esportec.cat\/fr\/activitats\/tarragone-segway-tour\/","title":{"rendered":"Tarragone en Segway: City-tour Mare Nostrum"},"content":{"rendered":"<h4><strong>D\u00e9couvrez Tarragone d\u2019une mani\u00e8re diff\u00e9rente et amusante : \u00e0 bord d\u2019un Segway !<\/strong><\/h4>\n<p>&nbsp;<\/p>\n<p>Lors de cette passionnante balade en Segway, nous parcourrons les balcons et les belv\u00e9d\u00e8res de la ville qui se rapprochent de la mer. En suivant la c\u00f4te, nous profiterons du <strong>paysage maritime <\/strong> et des <strong>plages<\/strong> les plus embl\u00e9matiques de Tarragone.<\/p>\n<p>Le Segway est le v\u00e9hicule id\u00e9al pour cette excursion le long du littoral de Tarragone. <strong>Sa stabilit\u00e9 et son confort <\/strong> vous permettront de profiter pleinement de la beaut\u00e9 de ses plages et des magnifiques vues sur la mer et la ville.<\/p>\n<p>En glissant sur le segway, vous ressenterez une sensation de flottement et un contr\u00f4le total. Sa technologie d&rsquo;auto-\u00e9quilibrage le rend intuitif et s\u00fbr, id\u00e9al pour tous les \u00e2ges !<\/p>\n<p><a href=\"https:\/\/www.tarragonaturisme.cat\/ca\" target=\"_blank\" rel=\"noopener\">Tarragone<\/a> est un joyau de la M\u00e9diterran\u00e9e, dont l\u2019ensemble monumental romain a \u00e9t\u00e9 d\u00e9clar\u00e9 <strong>patrimoine de l\u2019humanit\u00e9<\/strong> en l\u2019an 2000. L\u2019admirer depuis les principaux <strong>belv\u00e9d\u00e8res<\/strong> de la ville est une v\u00e9ritable merveille, d\u2019autant plus si vous b\u00e9n\u00e9ficiez des explications d\u2019un guide exp\u00e9riment\u00e9.<\/p>\n<p>Ne manquez pas l\u2019occasion de d\u00e9couvrir Tarragone de mani\u00e8re originale, \u00e9cologique, confortable et amusante. Cette balade le long des balcons de la M\u00e9diterran\u00e9e r\u00e9unit tous les ingr\u00e9dients pour profiter au maximum de la ville romaine.<\/p>\n<p>Cette activit\u00e9 \u00e9cotouristique est id\u00e9ale pour partager avec la famille, les amis ou les coll\u00e8gues de travail.<\/p>\n<p>Ne la ratez pas !<\/p>\n<p>&nbsp;<\/p>\n<h3><strong>SP\u00c9CIFICATIONS<\/strong><\/h3>\n<ul>\n<li>Le service comprend un moniteur de Segway, une formation sur la manipulation du Segway et la location du Segway pour l\u2019itin\u00e9raire sp\u00e9cifi\u00e9.<\/li>\n<li>Il est imp\u00e9ratif d\u2019avoir entre 10 et 65 ans et un poids compris entre 40 et 120 kilos pour participer \u00e0 l\u2019activit\u00e9.<\/li>\n<li>L\u2019utilisateur du Segway doit \u00eatre capable de monter et descendre sans aide ext\u00e9rieure.<\/li>\n<li>Une formation d\u2019environ 15 minutes sur la manipulation du Segway sera dispens\u00e9e au d\u00e9but de l\u2019activit\u00e9.<\/li>\n<li>Le moniteur sera responsable du cours de maniement du SEGWAY et \u00e9valuera l\u2019aptitude du client \u00e0 effectuer la visite. Le moniteur repr\u00e9sentera la soci\u00e9t\u00e9 pendant la visite ; le non-respect de ses instructions pendant le parcours peut entra\u00eener l\u2019arr\u00eat imm\u00e9diat de la visite.<\/li>\n<li>La formation d\u2019apprentissage aura lieu avant le d\u00e9but de la visite. Au d\u00e9but du parcours, il sera entendu que la personne comprend le fonctionnement et la manipulation du SEGWAY, ainsi que les risques li\u00e9s \u00e0 son utilisation, d\u00e9chargeant l\u2019entreprise de toute responsabilit\u00e9 en cas de chute ou d\u2019incident de quelque nature que ce soit.<\/li>\n<li>L\u2019utilisateur s\u2019engage \u00e0 faire un bon usage du mat\u00e9riel lou\u00e9 pendant le parcours et \u00e0 assumer les \u00e9ventuels dommages r\u00e9sultant d\u2019une utilisation non conforme aux r\u00e8gles de conduite expliqu\u00e9es lors de la formation d\u2019apprentissage.<\/li>\n<li>Nous recommandons de porter des v\u00eatements et des chaussures confortables. Prot\u00e9gez-vous du soleil en \u00e9t\u00e9.<\/li>\n<li>Si les conditions m\u00e9t\u00e9orologiques nous emp\u00eachent de commencer l\u2019activit\u00e9, celle-ci sera report\u00e9e \u00e0 une autre date. Si elle n\u2019est pas r\u00e9alis\u00e9e, le remboursement int\u00e9gral de l\u2019activit\u00e9 sera effectu\u00e9.<\/li>\n<li><a href=\"https:\/\/www.esportec.cat\/condicions-dus-de-les-activitats\/\" target=\"_blank\" rel=\"noopener\">Conditions d\u2019utilisation des activit\u00e9s<\/a><\/li>\n<\/ul>\n<p>&nbsp;<\/p>\n","protected":false},"excerpt":{"rendered":"<p>D\u00e9couvrez Tarragone d\u2019une mani\u00e8re diff\u00e9rente et amusante : \u00e0 bord d\u2019un Segway !<br \/>\n&nbsp;<\/p>\n<p>Lors de cet&#8230;<\/p>\n","protected":false},"featured_media":1011,"template":"","meta":{"_acf_changed":false},"product_place":[168],"product_season":[152,153,155],"product_brand":[],"product_cat":[99,315,100],"product_tag":[194,217,398],"giftcard-category":[],"class_list":{"0":"post-6822","1":"product","2":"type-product","3":"status-publish","4":"has-post-thumbnail","6":"product_place-tarragona","7":"product_season-automne","8":"product_season-ete","9":"product_season-printemps","10":"product_cat-ecotours-fr","11":"product_cat-grups-fr","12":"product_cat-teambuilding-fr","13":"product_tag-ecoroutes","14":"product_tag-segway-fr","15":"product_tag-tarragona-fr","17":"first","18":"instock","19":"virtual","20":"sold-individually","21":"purchasable","22":"product-type-booking"},"exclude_global_add_ons":false,"addons":[{"name":"Heure de d\u00e9but","type":"multiple_choice","position":0,"required":true,"title_format":"label","default":"","description_enable":false,"description":"","placeholder_enable":false,"placeholder":"","display":"select","restrictions_type":"any_text","adjust_price":false,"price":"","price_type":"flat_fee","restrictions":false,"min":"0","max":"0","options":[{"label":"9:00","price":"","price_type":"flat_fee","image":0,"visibility":true},{"label":"10:00","price":"","price_type":"flat_fee","image":0,"visibility":true},{"label":"16:00","price":"","price_type":"flat_fee","image":0,"visibility":true},{"label":"17:00","price":"","price_type":"flat_fee","image":0,"visibility":true}]}],"acf":[],"_links":{"self":[{"href":"https:\/\/www.esportec.cat\/fr\/wp-json\/wp\/v2\/product\/6822","targetHints":{"allow":["GET"]}}],"collection":[{"href":"https:\/\/www.esportec.cat\/fr\/wp-json\/wp\/v2\/product"}],"about":[{"href":"https:\/\/www.esportec.cat\/fr\/wp-json\/wp\/v2\/types\/product"}],"wp:featuredmedia":[{"embeddable":true,"href":"https:\/\/www.esportec.cat\/fr\/wp-json\/wp\/v2\/media\/1011"}],"wp:attachment":[{"href":"https:\/\/www.esportec.cat\/fr\/wp-json\/wp\/v2\/media?parent=6822"}],"wp:term":[{"taxonomy":"product_place","embeddable":true,"href":"https:\/\/www.esportec.cat\/fr\/wp-json\/wp\/v2\/product_place?post=6822"},{"taxonomy":"product_season","embeddable":true,"href":"https:\/\/www.esportec.cat\/fr\/wp-json\/wp\/v2\/product_season?post=6822"},{"taxonomy":"product_brand","embeddable":true,"href":"https:\/\/www.esportec.cat\/fr\/wp-json\/wp\/v2\/product_brand?post=6822"},{"taxonomy":"product_cat","embeddable":true,"href":"https:\/\/www.esportec.cat\/fr\/wp-json\/wp\/v2\/product_cat?post=6822"},{"taxonomy":"product_tag","embeddable":true,"href":"https:\/\/www.esportec.cat\/fr\/wp-json\/wp\/v2\/product_tag?post=6822"},{"taxonomy":"giftcard-category","embeddable":true,"href":"https:\/\/www.esportec.cat\/fr\/wp-json\/wp\/v2\/giftcard-category?post=6822"}],"curies":[{"name":"wp","href":"https:\/\/api.w.org\/{rel}","templated":true}]}}