{"id":6820,"date":"2023-09-27T12:37:29","date_gmt":"2023-09-27T10:37:29","guid":{"rendered":"https:\/\/www.esportec.cat\/activitats\/segway-sitges-garraf-experience\/"},"modified":"2025-06-10T12:55:40","modified_gmt":"2025-06-10T10:55:40","slug":"segway-sitges-garraf-experience","status":"publish","type":"product","link":"https:\/\/www.esportec.cat\/fr\/activitats\/segway-sitges-garraf-experience\/","title":{"rendered":"Segway Sitges: Garraf experience"},"content":{"rendered":"<h4><strong>Le Segway est un v\u00e9hicule \u00e9cologique, original et tr\u00e8s amusant qui te permettra de d\u00e9couvrir le patrimoine naturel et architectural de la serra del Garraf en compagnie d\u2019un guide sportif local connaissant bien la r\u00e9gion et ses secrets.<\/strong><\/h4>\n<p>&nbsp;<\/p>\n<p><span style=\"font-weight: 400;\">Au cours de cette fantastique excursion \u00e9cotouristique dans les montagnes qui entourent le c\u00e9l\u00e8bre village de Sitges, nous profiterons de <strong>vues spectaculaires sur la mer.<\/strong> Nous aurons \u00e9galement l\u2019occasion de visiter le village abandonn\u00e9 de <strong>Jafra<\/strong> et d\u2019en apprendre davantage sur les l\u00e9gendes qui l\u2019entourent.<\/span><\/p>\n<p>Se d\u00e9placer en Segway est une exp\u00e9rience nouvelle. <span style=\"font-weight: 400;\">Vous verrez que le Segway r\u00e9agit automatiquement \u00e0 vos mouvements corporels. <\/span><\/p>\n<p><span style=\"font-weight: 400;\">Lorsque vous vous penchez en avant, le Segway avance ; lorsque vous vous penchez en arri\u00e8re, il recule. Si vous restez droit, le v\u00e9hicule vous maintient en <strong>parfait \u00e9quilibre.<\/strong> <\/span><\/p>\n<p>Le Segway, en tant que v\u00e9hicule \u00e9lectrique, est <strong>\u00e9cologique et silencieux.<\/strong> Et surtout, il est extr\u00eamement amusant !<\/p>\n<p><span style=\"font-weight: 400;\">Cette balade en Segway \u00e0 travers l&rsquo;<a href=\"https:\/\/parcs.diba.cat\/web\/garraf\" target=\"_blank\" rel=\"noopener\">espace naturel prot\u00e9g\u00e9 du Garraf<\/a> est sans aucun doute le meilleur moyen de s\u2019\u00e9vader de l\u2019agitation et de respirer un air pur tout en d\u00e9couvrant cette r\u00e9gion <strong>qui allie la beaut\u00e9 de la mer<\/strong> \u00e0 la force de la terre.<\/span><\/p>\n<p>Malgr\u00e9 sa taille r\u00e9duite, le Garraf offre une extraordinaire diversit\u00e9 de <strong>paysages m\u00e9diterran\u00e9ens. <\/strong> Avec une mer qui dessine un littoral tortueux et un paysage int\u00e9rieur qui absorbe la pluie avec une soif inhabituelle, cette r\u00e9gion est un <strong>endroit unique. <\/strong><\/p>\n<p><span style=\"font-weight: 400;\">Explorer le Garraf en compagnie d\u2019un guide sportif dipl\u00f4m\u00e9 et expert de la r\u00e9gion garantit une <strong>exp\u00e9rience amusante, s\u00e9curis\u00e9e et enrichissante. <\/strong> <\/span><\/p>\n<p><span style=\"font-weight: 400;\">Alors, \u00eates-vous pr\u00eat(e) \u00e0 nous accompagner dans cette aventure ?<\/span><\/p>\n<p>&nbsp;<\/p>\n<h3><strong>SP\u00c9CIFICATIONS<\/strong><\/h3>\n<ul>\n<li>Le service comprend un moniteur de Segway, une formation sur la manipulation du Segway et la location du Segway pour l\u2019itin\u00e9raire sp\u00e9cifi\u00e9.<\/li>\n<li>Il est imp\u00e9ratif d\u2019avoir entre 10 et 65 ans et un poids compris entre 40 et 120 kilos pour participer \u00e0 l\u2019activit\u00e9.<\/li>\n<li>L\u2019utilisateur du Segway doit \u00eatre capable de monter et descendre sans aide ext\u00e9rieure.<\/li>\n<li>Une formation d\u2019environ 15 minutes sur la manipulation du Segway sera dispens\u00e9e au d\u00e9but de l\u2019activit\u00e9.<\/li>\n<li>Le moniteur sera responsable du cours de maniement du SEGWAY et \u00e9valuera l\u2019aptitude du client \u00e0 effectuer la visite. Le moniteur repr\u00e9sentera la soci\u00e9t\u00e9 pendant la visite ; le non-respect de ses instructions pendant le parcours peut entra\u00eener l\u2019arr\u00eat imm\u00e9diat de la visite.<\/li>\n<li>La formation d\u2019apprentissage aura lieu avant le d\u00e9but de la visite. Au d\u00e9but du parcours, il sera entendu que la personne comprend le fonctionnement et la manipulation du SEGWAY, ainsi que les risques li\u00e9s \u00e0 son utilisation, d\u00e9chargeant l\u2019entreprise de toute responsabilit\u00e9 en cas de chute ou d\u2019incident de quelque nature que ce soit.<\/li>\n<li>L\u2019utilisateur s\u2019engage \u00e0 faire un bon usage du mat\u00e9riel lou\u00e9 pendant le parcours et \u00e0 assumer les \u00e9ventuels dommages r\u00e9sultant d\u2019une utilisation non conforme aux r\u00e8gles de conduite expliqu\u00e9es lors de la formation d\u2019apprentissage.<\/li>\n<li>Nous recommandons de porter des v\u00eatements et des chaussures confortables. Prot\u00e9gez-vous du soleil en \u00e9t\u00e9.<\/li>\n<li>Si les conditions m\u00e9t\u00e9orologiques nous emp\u00eachent de commencer l\u2019activit\u00e9, celle-ci sera report\u00e9e \u00e0 une autre date. Si elle n\u2019est pas r\u00e9alis\u00e9e, le remboursement int\u00e9gral de l\u2019activit\u00e9 sera effectu\u00e9.<strong><br \/>\n<\/strong><\/li>\n<li><a href=\"https:\/\/www.esportec.cat\/condicions-dus-de-les-activitats\/\" target=\"_blank\" rel=\"noopener\">Conditions d\u2019utilisation des activit\u00e9s<\/a><\/li>\n<\/ul>\n<p>&nbsp;<\/p>\n","protected":false},"excerpt":{"rendered":"<p>Le Segway est un v\u00e9hicule \u00e9cologique, original et tr\u00e8s amusant qui te permettra de d\u00e9couvrir le patrimoine&#8230;<\/p>\n","protected":false},"featured_media":1219,"template":"","meta":{"_acf_changed":false},"product_place":[166],"product_season":[152,153,155],"product_brand":[],"product_cat":[99,315],"product_tag":[395,217,220],"giftcard-category":[],"class_list":{"0":"post-6820","1":"product","2":"type-product","3":"status-publish","4":"has-post-thumbnail","6":"product_place-sitges","7":"product_season-automne","8":"product_season-ete","9":"product_season-printemps","10":"product_cat-ecotours-fr","11":"product_cat-grups-fr","12":"product_tag-garraf-fr","13":"product_tag-segway-fr","14":"product_tag-sitges-fr","16":"first","17":"instock","18":"virtual","19":"sold-individually","20":"purchasable","21":"product-type-booking"},"exclude_global_add_ons":false,"addons":[{"name":"Heure de d\u00e9but","type":"multiple_choice","position":0,"required":true,"title_format":"label","default":"","description_enable":false,"description":"","placeholder_enable":false,"placeholder":"","display":"select","restrictions_type":"any_text","adjust_price":false,"price":"","price_type":"flat_fee","restrictions":false,"min":"0","max":"0","options":[{"label":"9:00","price":"","price_type":"flat_fee","image":0,"visibility":true},{"label":"10:00","price":"","price_type":"flat_fee","image":0,"visibility":true},{"label":"16:00","price":"","price_type":"flat_fee","image":0,"visibility":true},{"label":"17:00","price":"","price_type":"flat_fee","image":0,"visibility":true}]}],"acf":[],"_links":{"self":[{"href":"https:\/\/www.esportec.cat\/fr\/wp-json\/wp\/v2\/product\/6820","targetHints":{"allow":["GET"]}}],"collection":[{"href":"https:\/\/www.esportec.cat\/fr\/wp-json\/wp\/v2\/product"}],"about":[{"href":"https:\/\/www.esportec.cat\/fr\/wp-json\/wp\/v2\/types\/product"}],"wp:featuredmedia":[{"embeddable":true,"href":"https:\/\/www.esportec.cat\/fr\/wp-json\/wp\/v2\/media\/1219"}],"wp:attachment":[{"href":"https:\/\/www.esportec.cat\/fr\/wp-json\/wp\/v2\/media?parent=6820"}],"wp:term":[{"taxonomy":"product_place","embeddable":true,"href":"https:\/\/www.esportec.cat\/fr\/wp-json\/wp\/v2\/product_place?post=6820"},{"taxonomy":"product_season","embeddable":true,"href":"https:\/\/www.esportec.cat\/fr\/wp-json\/wp\/v2\/product_season?post=6820"},{"taxonomy":"product_brand","embeddable":true,"href":"https:\/\/www.esportec.cat\/fr\/wp-json\/wp\/v2\/product_brand?post=6820"},{"taxonomy":"product_cat","embeddable":true,"href":"https:\/\/www.esportec.cat\/fr\/wp-json\/wp\/v2\/product_cat?post=6820"},{"taxonomy":"product_tag","embeddable":true,"href":"https:\/\/www.esportec.cat\/fr\/wp-json\/wp\/v2\/product_tag?post=6820"},{"taxonomy":"giftcard-category","embeddable":true,"href":"https:\/\/www.esportec.cat\/fr\/wp-json\/wp\/v2\/giftcard-category?post=6820"}],"curies":[{"name":"wp","href":"https:\/\/api.w.org\/{rel}","templated":true}]}}