{"id":6578,"date":"2025-10-06T11:00:55","date_gmt":"2025-10-06T09:00:55","guid":{"rendered":"https:\/\/www.esportec.cat\/activitats\/classes-particulars-desqui-a-la-molina\/"},"modified":"2026-02-05T12:26:54","modified_gmt":"2026-02-05T11:26:54","slug":"cours-de-ski-la-molina","status":"publish","type":"product","link":"https:\/\/www.esportec.cat\/fr\/activitats\/cours-de-ski-la-molina\/","title":{"rendered":"Cours particulier de ski \u00e0 La Molina"},"content":{"rendered":"<h4><strong>Offrez-vous une le\u00e7on particuli\u00e8re de ski \u00e0 la station de ski de <a href=\"https:\/\/www.lamolina.cat\/en\/winter\/\" target=\"_blank\" rel=\"noopener\">La Molina<\/a> et franchissez le pas d\u00e9cisif pour gagner en confiance et vous lancer sur les pistes embl\u00e9matiques de cette station pr\u00e9pyr\u00e9n\u00e9enne en toute s\u00e9curit\u00e9.<\/strong><\/h4>\n<p>&nbsp;<\/p>\n<p>Que vous d\u00e9butiez ou perfectionniez votre technique de ski, que ce soit en solitaire (cours individuel) ou en compagnie de vos proches ou amis (cours de ski avec jusqu\u2019\u00e0 4 \u00e9l\u00e8ves par moniteur),<\/p>\n<p>Nos moniteurs exp\u00e9riment\u00e9s vous enseigneront les techniques pour <strong>apprendre \u00e0 skier<\/strong>. Ils vous donneront \u00e9galement des astuces pour ma\u00eetriser les virages et ajuster votre vitesse \u00e0 volont\u00e9. Ils seront \u00e0 votre c\u00f4t\u00e9 \u00e0 chaque instant, veillant \u00e0 ce que vous appreniez \u00e0 skier tout en vous amusant. L\u2019objectif est que vous gardiez un excellent souvenir de cette exp\u00e9rience et que vous <strong>gagniez en confiance<\/strong> pour progressivement skier de mani\u00e8re autonome.<\/p>\n<p>La le\u00e7on de ski individualis\u00e9e est la meilleure fa\u00e7on d\u2019apprendre \u00e0 skier en acqu\u00e9rant de bonnes habitudes d\u00e8s le d\u00e9part. Vous verrez qu\u2019avec quatre principes de base et un peu de pratique, vous serez capable de descendre les pistes vertes et bleues de la <strong>station de ski de La Molina<\/strong>, situ\u00e9e dans les Pyr\u00e9n\u00e9es, tout en am\u00e9liorant progressivement votre style.<\/p>\n<p><strong>Alors, pr\u00eats \u00e0 commencer?<\/strong><\/p>\n<p>&nbsp;<\/p>\n<p>&nbsp;<\/p>\n<h2><strong>HORAIRES ET TARIFS<\/strong><\/h2>\n<h3><strong>Cours particulier d&rsquo;une heure<\/strong><\/h3>\n<p>Que vous ayez besoin d&rsquo;apprendre \u00e0 skier ou d&rsquo;am\u00e9liorer votre technique.<\/p>\n<table style=\"height: 408px;\" border=\"0\" width=\"538\" cellspacing=\"0\" cellpadding=\"5\">\n<tbody>\n<tr>\n<td><\/td>\n<td style=\"text-align: right;\" valign=\"top\"><strong>SAISON HAUTE<\/strong><\/p>\n<p>Les week-ends et les jours f\u00e9ri\u00e9s de 10 h \u00e0 15 h<\/td>\n<td style=\"text-align: right;\"><strong>SAISON BASSE<\/strong><\/p>\n<p>Les jours de semaine et les jours f\u00e9ri\u00e9s de 9 h \u00e0 10 h et \u00e0 partir de 15 h<\/td>\n<\/tr>\n<tr>\n<td><strong>1 \u00e9l\u00e8ve 1 h<\/strong><\/td>\n<td style=\"text-align: right;\"><strong>55 \u20ac \/ par \u00e9l\u00e8ve<\/strong><\/td>\n<td style=\"text-align: right;\"><strong>52,5 \u20ac \/ par \u00e9l\u00e8ve<\/strong><\/td>\n<\/tr>\n<tr>\n<td><strong>2 \u00e9l\u00e8ves 1 h<\/strong><\/td>\n<td style=\"text-align: right;\"><strong>29,25 \u20ac \/ par \u00e9l\u00e8ve<\/strong><\/td>\n<td style=\"text-align: right;\"><b>27,25 \u20ac \/ par \u00e9l\u00e8ve<\/b><\/td>\n<\/tr>\n<tr>\n<td><strong>3 \u00e9l\u00e8ves 1 h<\/strong><\/td>\n<td style=\"text-align: right;\"><b>22 \u20ac \/ par \u00e9l\u00e8ve<\/b><\/td>\n<td style=\"text-align: right;\"><strong>21 \u20ac \/ par \u00e9l\u00e8ve<\/strong><\/td>\n<\/tr>\n<tr>\n<td><strong>4 \u00e9l\u00e8ves 1 h<\/strong><\/td>\n<td style=\"text-align: right;\"><b>22 \u20ac \/ par \u00e9l\u00e8ve<\/b><\/p>\n<p>(le 4\u1d49 \u00e9l\u00e8ve est gratuit)<\/td>\n<td style=\"text-align: right;\"><b>21 \u20ac \/ par \u00e9l\u00e8ve<\/b><\/p>\n<p>(le 4\u1d49 \u00e9l\u00e8ve est gratuit)<\/td>\n<\/tr>\n<tr>\n<td style=\"width: 100%;\" colspan=\"3\" rowspan=\"1\"><em>Tous les prix incluent la TVA et les assurances appropri\u00e9es. Mat\u00e9riel et forfait non inclus.<\/em><\/td>\n<\/tr>\n<\/tbody>\n<\/table>\n<p>&nbsp;<\/p>\n<div style=\"width: 1920px;\" class=\"wp-video\"><video class=\"wp-video-shortcode\" id=\"video-6578-1\" width=\"1920\" height=\"1080\" preload=\"metadata\" controls=\"controls\"><source type=\"video\/mp4\" src=\"https:\/\/www.esportec.cat\/wp-content\/uploads\/2024\/10\/Escola-desqui-a-La-Molina.mp4?_=1\" \/><a href=\"https:\/\/www.esportec.cat\/wp-content\/uploads\/2024\/10\/Escola-desqui-a-La-Molina.mp4\">https:\/\/www.esportec.cat\/wp-content\/uploads\/2024\/10\/Escola-desqui-a-La-Molina.mp4<\/a><\/video><\/div>\n","protected":false},"excerpt":{"rendered":"<p>Offrez-vous une le\u00e7on particuli\u00e8re de ski \u00e0 la station de ski de La Molina et franchissez le pas d\u00e9cisif p&#8230;<\/p>\n","protected":false},"featured_media":14836,"template":"","meta":{"_acf_changed":false},"product_place":[162],"product_season":[154],"product_brand":[],"product_cat":[96],"product_tag":[185,176,201],"giftcard-category":[],"class_list":{"0":"post-6578","1":"product","2":"type-product","3":"status-publish","4":"has-post-thumbnail","6":"product_place-la-molina","7":"product_season-hiver","8":"product_cat-neige","9":"product_tag-classes-privees","10":"product_tag-la-molina-fr","11":"product_tag-ski-fr","13":"first","14":"instock","15":"featured","16":"shipping-taxable","17":"product-type-external"},"exclude_global_add_ons":false,"addons":[{"name":"Combien d\u2019\u00e9l\u00e8ves ?","type":"multiple_choice","position":0,"required":true,"title_format":"label","default":"0","description_enable":true,"description":"Vous pouvez r\u00e9server un cours de ski d\u2019une dur\u00e9e minimale de deux heures, les week-ends et jours f\u00e9ri\u00e9s. Si le cr\u00e9neau horaire est d\u00e9j\u00e0 r\u00e9serv\u00e9 ou si vous avez besoin d\u2019autres options de dates ou de formats, \u00e9crivez-nous \u00e0 l\u2019adresse suivante : hola@escolaesqui.cat","placeholder_enable":false,"placeholder":"","display":"select","restrictions_type":"any_text","adjust_price":false,"price":"","price_type":"flat_fee","restrictions":false,"min":"0","max":"0","options":[{"label":"1 \u00e9l\u00e8ve","price":"","price_type":"flat_fee","image":0,"visibility":true},{"label":"2 \u00e9l\u00e8ves","price":"7","price_type":"quantity_based","image":0,"visibility":true},{"label":"3 ou 4 \u00e9l\u00e8ves","price":"22","price_type":"quantity_based","image":0,"visibility":true}],"id":1760526559}],"acf":[],"_links":{"self":[{"href":"https:\/\/www.esportec.cat\/fr\/wp-json\/wp\/v2\/product\/6578","targetHints":{"allow":["GET"]}}],"collection":[{"href":"https:\/\/www.esportec.cat\/fr\/wp-json\/wp\/v2\/product"}],"about":[{"href":"https:\/\/www.esportec.cat\/fr\/wp-json\/wp\/v2\/types\/product"}],"wp:featuredmedia":[{"embeddable":true,"href":"https:\/\/www.esportec.cat\/fr\/wp-json\/wp\/v2\/media\/14836"}],"wp:attachment":[{"href":"https:\/\/www.esportec.cat\/fr\/wp-json\/wp\/v2\/media?parent=6578"}],"wp:term":[{"taxonomy":"product_place","embeddable":true,"href":"https:\/\/www.esportec.cat\/fr\/wp-json\/wp\/v2\/product_place?post=6578"},{"taxonomy":"product_season","embeddable":true,"href":"https:\/\/www.esportec.cat\/fr\/wp-json\/wp\/v2\/product_season?post=6578"},{"taxonomy":"product_brand","embeddable":true,"href":"https:\/\/www.esportec.cat\/fr\/wp-json\/wp\/v2\/product_brand?post=6578"},{"taxonomy":"product_cat","embeddable":true,"href":"https:\/\/www.esportec.cat\/fr\/wp-json\/wp\/v2\/product_cat?post=6578"},{"taxonomy":"product_tag","embeddable":true,"href":"https:\/\/www.esportec.cat\/fr\/wp-json\/wp\/v2\/product_tag?post=6578"},{"taxonomy":"giftcard-category","embeddable":true,"href":"https:\/\/www.esportec.cat\/fr\/wp-json\/wp\/v2\/giftcard-category?post=6578"}],"curies":[{"name":"wp","href":"https:\/\/api.w.org\/{rel}","templated":true}]}}