{"id":6297,"date":"2023-09-27T12:37:22","date_gmt":"2023-09-27T10:37:22","guid":{"rendered":"https:\/\/www.esportec.cat\/activitats\/dia-aventura-port-del-comte\/"},"modified":"2025-05-08T12:25:39","modified_gmt":"2025-05-08T10:25:39","slug":"journee-aventure-a-port-del-comte","status":"publish","type":"product","link":"https:\/\/www.esportec.cat\/fr\/activitats\/journee-aventure-a-port-del-comte\/","title":{"rendered":"Journ\u00e9e d&rsquo;aventure \u00e0 Port del Comte"},"content":{"rendered":"<h4>Vivez une journ\u00e9e compl\u00e8te d\u2019aventure au Parc d\u2019Aventure de Port del Comte ! Profitez d\u2019une journ\u00e9e enti\u00e8re d\u2019activit\u00e9s pour petits et grands en pleine nature et amusez-vous comme jamais.<\/h4>\n<p>&nbsp;<\/p>\n<p>Vous y trouverez diff\u00e9rents <strong>parcours d\u2019aventure<\/strong> de diff\u00e9rents niveaux de difficult\u00e9, tous situ\u00e9s entre les arbres et \u00e0 diff\u00e9rentes hauteurs, o\u00f9 vous devrez surmonter de multiples obstacles et passer des tyroliennes. Testez votre \u00e9quilibre !<\/p>\n<p>Les parcours sont marqu\u00e9s de diff\u00e9rentes couleurs selon le niveau de difficult\u00e9, du plus facile au plus difficile : vert, bleu, rouge, violet, marron et noir, avec ou sans tyroliennes. Choisissez autant de combinaisons que vous le souhaitez !<\/p>\n<p>Avec le <strong>tubbing<\/strong>, vous monterez sur un tapis roulant et descendrez en glissant sur un toboggan avec un \u00e9norme flotteur. Les tubbies sont une sorte de gros flotteurs en forme de donut qui glissent sur un circuit de toboggan sp\u00e9cialement con\u00e7u pour rebondir et faire des pirouettes tr\u00e8s amusantes. Vous verrez que c\u2019est une activit\u00e9 d\u2019aventure extr\u00eamement amusante pour petits et grands. Attention, cela cr\u00e9e de l\u2019addiction !<\/p>\n<p>Enfin, vous pourrez vous initier \u00e0 l\u2019escalade sur le <strong>mur d\u2019escalade<\/strong>. Un mur d\u2019escalade est une installation sp\u00e9cialement pr\u00e9par\u00e9e pour la pratique de l\u2019escalade. Il est \u00e9quip\u00e9 de prises et de s\u00e9curit\u00e9s pour permettre aux grimpeurs de s\u2019entra\u00eener et d\u2019am\u00e9liorer leurs comp\u00e9tences. D\u00e9couvrez cette discipline sportive compl\u00e8te sur notre mur d\u2019escalade en plein air. Vous allez adorer !<\/p>\n<p>Toutes ces aventures vous feront d\u00e9charger de l\u2019adr\u00e9naline et vous amuser \u00e9norm\u00e9ment, toujours en toute s\u00e9curit\u00e9 et sous la supervision de notre personnel technique sportif.<\/p>\n<p>Venez profiter avec nous au parc d\u2019aventure de Port del Comte. Vous vivrez une exp\u00e9rience sportive en pleine nature inoubliable !<\/p>\n<p>&nbsp;<\/p>\n<p><strong>Sp\u00e9cifications :<\/strong><\/p>\n<ul>\n<li style=\"font-weight: 400;\">L\u2019\u00e2ge minimum pour participer aux circuits du parc d\u2019aventure est de 4 ans.<\/li>\n<li style=\"font-weight: 400;\">Les mineurs doivent \u00eatre accompagn\u00e9s d\u2019une personne responsable.<\/li>\n<li style=\"font-weight: 400;\">Toutes les activit\u00e9s incluent le personnel technique, le mat\u00e9riel de s\u00e9curit\u00e9 (harnais, longe d\u2019ancrage avec mousquetons et casque) et les assurances appropri\u00e9es.<\/li>\n<li style=\"font-weight: 400;\">Avant de souscrire au service, veuillez nous informer de toute handicap, dysfonction ou pathologie \u00e0 prendre en compte lors de l\u2019activit\u00e9.<\/li>\n<li style=\"font-weight: 400;\">Une fois \u00e9quip\u00e9s, le personnel technique vous donnera un briefing sur les r\u00e8gles de s\u00e9curit\u00e9 de base afin que vous puissiez progresser en toute s\u00e9curit\u00e9 et de mani\u00e8re autonome sur les diff\u00e9rentes plates-formes et tyroliennes du parc.<\/li>\n<li style=\"font-weight: 400;\">Il est imp\u00e9ratif de suivre \u00e0 tout moment les instructions des techniciens\/instructeurs, tant pour le fonctionnement de l\u2019activit\u00e9 que pour l\u2019utilisation du mat\u00e9riel technique.<\/li>\n<li style=\"font-weight: 400;\">L\u2019activit\u00e9 est soumise aux conditions m\u00e9t\u00e9orologiques changeantes et \u00e0 l\u2019\u00e9tat du terrain. Esportec se r\u00e9serve le droit de l\u2019interrompre ou de la reporter si elle le juge n\u00e9cessaire.<\/li>\n<li>L\u2019utilisateur est tenu de prendre soin du mat\u00e9riel lou\u00e9 et d\u2019assumer les \u00e9ventuels dommages r\u00e9sultant d\u2019une utilisation non conforme aux r\u00e8gles de conduite expliqu\u00e9es par le personnel.<\/li>\n<li>Esportec d\u00e9cline toute responsabilit\u00e9 quant aux biens personnels des utilisateurs.<\/li>\n<li>Esportec ne saurait \u00eatre tenu responsable de l\u2019ad\u00e9quation de la tenue du\/de la participant(e). Nous recommandons de porter des chaussures et des v\u00eatements appropri\u00e9s pour l\u2019activit\u00e9.<\/li>\n<li><a href=\"https:\/\/www.esportec.cat\/condicions-dus-de-les-activitats\/#condicions-parc-aventura\" target=\"_blank\" rel=\"noopener\">Conditions d\u2019utilisation de l\u2019activit\u00e9.<\/a><\/li>\n<\/ul>\n<p>&nbsp;<\/p>\n<p><iframe loading=\"lazy\" title=\"Parc d&#039;Aventura Port del Comte\" width=\"500\" height=\"281\" src=\"https:\/\/www.youtube.com\/embed\/xVH571tNZ14?feature=oembed&#038;enablejsapi=1&#038;origin=https:\/\/www.esportec.cat\" frameborder=\"0\" allow=\"accelerometer; autoplay; clipboard-write; encrypted-media; gyroscope; picture-in-picture; web-share\" referrerpolicy=\"strict-origin-when-cross-origin\" allowfullscreen><\/iframe><\/p>\n","protected":false},"excerpt":{"rendered":"<p>Vivez une journ\u00e9e compl\u00e8te d\u2019aventure au Parc d\u2019Aventure de Port del Comte ! Profitez d\u2019une journ\u00e9e e&#8230;<\/p>\n","protected":false},"featured_media":1079,"template":"","meta":{"_acf_changed":false},"product_place":[165],"product_season":[152,153,155],"product_brand":[],"product_cat":[91,315,100],"product_tag":[320,92],"giftcard-category":[],"class_list":{"0":"post-6297","1":"product","2":"type-product","3":"status-publish","4":"has-post-thumbnail","6":"product_place-port-del-comte-solsones","7":"product_season-automne","8":"product_season-ete","9":"product_season-printemps","10":"product_cat-aventure","11":"product_cat-grups-fr","12":"product_cat-teambuilding-fr","13":"product_tag-aventura-fr","14":"product_tag-parc-acrobatique-aventure","16":"first","17":"instock","18":"virtual","19":"sold-individually","20":"purchasable","21":"product-type-booking"},"exclude_global_add_ons":[],"addons":[],"acf":[],"_links":{"self":[{"href":"https:\/\/www.esportec.cat\/fr\/wp-json\/wp\/v2\/product\/6297","targetHints":{"allow":["GET"]}}],"collection":[{"href":"https:\/\/www.esportec.cat\/fr\/wp-json\/wp\/v2\/product"}],"about":[{"href":"https:\/\/www.esportec.cat\/fr\/wp-json\/wp\/v2\/types\/product"}],"wp:featuredmedia":[{"embeddable":true,"href":"https:\/\/www.esportec.cat\/fr\/wp-json\/wp\/v2\/media\/1079"}],"wp:attachment":[{"href":"https:\/\/www.esportec.cat\/fr\/wp-json\/wp\/v2\/media?parent=6297"}],"wp:term":[{"taxonomy":"product_place","embeddable":true,"href":"https:\/\/www.esportec.cat\/fr\/wp-json\/wp\/v2\/product_place?post=6297"},{"taxonomy":"product_season","embeddable":true,"href":"https:\/\/www.esportec.cat\/fr\/wp-json\/wp\/v2\/product_season?post=6297"},{"taxonomy":"product_brand","embeddable":true,"href":"https:\/\/www.esportec.cat\/fr\/wp-json\/wp\/v2\/product_brand?post=6297"},{"taxonomy":"product_cat","embeddable":true,"href":"https:\/\/www.esportec.cat\/fr\/wp-json\/wp\/v2\/product_cat?post=6297"},{"taxonomy":"product_tag","embeddable":true,"href":"https:\/\/www.esportec.cat\/fr\/wp-json\/wp\/v2\/product_tag?post=6297"},{"taxonomy":"giftcard-category","embeddable":true,"href":"https:\/\/www.esportec.cat\/fr\/wp-json\/wp\/v2\/giftcard-category?post=6297"}],"curies":[{"name":"wp","href":"https:\/\/api.w.org\/{rel}","templated":true}]}}