{"id":12258,"date":"2025-06-13T16:11:03","date_gmt":"2025-06-13T14:11:03","guid":{"rendered":"https:\/\/www.esportec.cat\/?post_type=product&#038;p=12258"},"modified":"2025-11-17T11:03:37","modified_gmt":"2025-11-17T10:03:37","slug":"location-paddle-surf-costa-daurada","status":"publish","type":"product","link":"https:\/\/www.esportec.cat\/fr\/activitats\/location-paddle-surf-costa-daurada\/","title":{"rendered":"Location de paddle surf sur la Costa Daurada"},"content":{"rendered":"<h4>Vivez une exp\u00e9rience unique en louant une planche de paddle surf sur les plages incroyables de Tamarit et La Mora, deux des coins les plus spectaculaires de la Costa Dorada. Partez \u00e0 la d\u00e9couverte de zones littorales prot\u00e9g\u00e9es et profitez d\u2019un cadre naturel exceptionnel tout en pagayant \u00e0 votre rythme.<\/h4>\n<p>&nbsp;<\/p>\n<p>La\u00a0<a href=\"https:\/\/costadaurada.info\/fr\" target=\"_blank\" rel=\"noopener\">Costa Dorada<\/a> offre mille fa\u00e7ons de profiter des sports nautiques, et l\u2019une des plus proches de la nature est le <strong>paddle surf<\/strong>. Glissez sur des eaux chaudes et paisibles, entourez-vous de criques pr\u00e9serv\u00e9es, et vivez une aventure m\u00ealant nature, sport et d\u00e9connexion totale.<\/p>\n<p>&nbsp;<\/p>\n<h2><strong>Quels sont les bienfaits du paddle surf ?<\/strong><\/h2>\n<p>Le paddle surf est bien plus qu\u2019un simple sport nautique. C\u2019est une activit\u00e9 qui <strong>combine \u00e9quilibre, force et concentration<\/strong>, offrant un <strong>entra\u00eenement complet<\/strong> sans n\u00e9cessiter un effort physique intense. Contrairement \u00e0 d\u2019autres disciplines plus exigeantes, le <strong>paddle surf aide \u00e0 tonifier le corps et \u00e0 am\u00e9liorer la coordination<\/strong>, tout en profitant du calme et de la beaut\u00e9 du lac.<\/p>\n<p>&nbsp;<\/p>\n<h2><strong>Une activit\u00e9 pour tous<\/strong><\/h2>\n<p>La location de paddle surf est une <strong>exp\u00e9rience accessible, s\u00fbre et amusante<\/strong>, id\u00e9ale pour tous les \u00e2ges et niveaux d\u2019exp\u00e9rience.<\/p>\n<p>Si c\u2019est votre premi\u00e8re fois, <strong>pas d\u2019inqui\u00e9tude<\/strong> ! Avec <strong>une planche stable<\/strong> et <strong>quelques instructions de base<\/strong>, vous pourrez profiter de l\u2019exp\u00e9rience d\u00e8s le d\u00e9but. En peu de temps, vous apprendrez \u00e0 <strong>maintenir votre \u00e9quilibre et \u00e0 pagayer facilement<\/strong>.<\/p>\n<p>Si vous \u00eates d\u00e9j\u00e0 exp\u00e9riment\u00e9, vous pourrez <strong>perfectionner votre technique, augmenter votre vitesse<\/strong> ou <strong>explorer des itin\u00e9raires plus exigeants<\/strong>.<\/p>\n<p>Le paddle surf <strong>s\u2019adapte au rythme de chacun<\/strong>. Il ne requiert pas une grande condition physique et peut \u00eatre pratiqu\u00e9 <strong>de mani\u00e8re relaxante<\/strong>, en profitant du paysage, ou <strong>avec plus d\u2019intensit\u00e9<\/strong> pour renforcer l\u2019entra\u00eenement et l\u2019endurance.<\/p>\n<p>&nbsp;<\/p>\n<h2><strong>Quelles sont les options propos\u00e9es ?<\/strong><\/h2>\n<p>Si vous recherchez tranquillit\u00e9, introspection et contact direct avec la nature, le <strong>paddle surf individuel <\/strong>est la meilleure option. Naviguez \u00e0 votre rythme, d\u00e9connectez-vous du monde et profitez d\u2019un moment de calme sur les eaux paisibles.<\/p>\n<p>Si vous aimez pagayer en groupe, le <strong>paddle XL<\/strong> est id\u00e9al pour partager l\u2019exp\u00e9rience avec vos amis, votre famille ou vos compagnons d\u2019aventure. Trouver l\u2019\u00e9quilibre ensemble et synchroniser vos mouvements rend l\u2019activit\u00e9 encore plus dynamique et amusante. Avec une capacit\u00e9 allant jusqu\u2019\u00e0 10 personnes, cette planche g\u00e9ante promet rires, complicit\u00e9 et beaucoup de plaisir sur les eaux de la Costa Dorada.<\/p>\n<p>&nbsp;<\/p>\n<h2><strong>Que faut-il apporter ?<\/strong><\/h2>\n<ul>\n<li>V\u00eatements confortables et respirants<\/li>\n<li>Chaussures ferm\u00e9es pouvant \u00eatre mouill\u00e9es<\/li>\n<li>Casquette et lunettes de soleil<\/li>\n<\/ul>\n<p>Il est recommand\u00e9 d\u2019emporter <strong>un r\u00e9pulsif anti-moustiques<\/strong> (surtout le matin et le soir), des v\u00eatements de rechange, une serviette apr\u00e8s l\u2019activit\u00e9, <strong>des encas \u00e9nerg\u00e9tiques<\/strong> pour les itin\u00e9raires longs, <strong>un sac \u00e9tanche<\/strong> pour prot\u00e9ger ses effets personnels et <strong>une sangle pour lunettes<\/strong> si n\u00e9cessaire.<\/p>\n<p>&nbsp;<\/p>\n<h2><strong>Niveau de difficult\u00e9 de l\u2019activit\u00e9<\/strong><\/h2>\n<ul>\n<li>Adapt\u00e9e aux <strong>enfants \u00e0 partir de 4 ans<\/strong> (en kayaks doubles accompagn\u00e9s d\u2019un adulte).<\/li>\n<li>Nos <strong>paddle surf sont rigides et ne coulent pas<\/strong>, ce qui signifie <strong>qu\u2019aucune exp\u00e9rience pr\u00e9alable n\u2019est n\u00e9cessaire<\/strong> pour commencer \u00e0 pagayer et \u00e0 profiter de l\u2019eau imm\u00e9diatement.<\/li>\n<\/ul>\n<p>&nbsp;<\/p>\n<p><a href=\"https:\/\/www.esportec.cat\/fr\/conditions-dutilisation-des-activites\/\" target=\"_blank\" rel=\"noopener\">Conditions d\u2019utilisation des activit\u00e9s<\/a><\/p>\n<p>&nbsp;<\/p>\n<h2><strong>O\u00f9 nous trouver<\/strong><\/h2>\n<p><a href=\"https:\/\/maps.app.goo.gl\/CSxC96DUbkEKvsj76\" target=\"_blank\" rel=\"noopener\">\ud83d\udccd<\/a><a href=\"https:\/\/maps.app.goo.gl\/SA1Fb46nG4mYX8LLA\" target=\"_blank\" rel=\"noopener\">Platja de Tamarit, s\/n, 43008 Tamarit, Tarragona<\/a><\/p>\n<p><a href=\"https:\/\/maps.app.goo.gl\/CSxC96DUbkEKvsj76\" target=\"_blank\" rel=\"noopener\">\ud83d\udccd<\/a><a href=\"https:\/\/maps.app.goo.gl\/CSxC96DUbkEKvsj76\" target=\"_blank\" rel=\"noopener\">Platja de La M\u00f3ra, S\/N, 43008 Tarragona<\/a><\/p>\n<p>\ud83d\udcde 658 188 936<\/p>\n<p>\ud83d\udce7 maraventura@esportec.cat<\/p>\n<p>\ud83d\udd59 Horaires d\u2019ouverture :\u00a0<strong>de 10 h \u00e0 20 h<\/strong><\/p>\n<p><strong>Vous pouvez r\u00e9server le service de location de paddle surf pendant les cr\u00e9neaux horaires de 10h \u00e0 11h et de 15h \u00e0 16h.<\/strong> Pour les autres horaires, les r\u00e9servations anticip\u00e9es ne sont pas accept\u00e9es, sauf pour les groupes de 20 personnes ou plus, en envoyant un e-mail \u00e0 <a href=\"mailto:maraventura@esportec.cat\" target=\"_blank\" rel=\"noopener\">maraventura@esportec.cat<\/a>.<\/p>\n<p>&nbsp;<\/p>\n","protected":false},"excerpt":{"rendered":"<p>Vivez une exp\u00e9rience unique en louant une planche de paddle surf sur les plages incroyables de Tamarit et La &#8230;<\/p>\n","protected":false},"featured_media":4313,"template":"","meta":{"_acf_changed":false},"product_place":[163,167],"product_season":[153],"product_brand":[],"product_cat":[91,93,315],"product_tag":[210],"giftcard-category":[],"class_list":{"0":"post-12258","1":"product","2":"type-product","3":"status-publish","4":"has-post-thumbnail","6":"product_place-la-mora-tarragones","7":"product_place-tamarit-tarragones","8":"product_season-ete","9":"product_cat-aventure","10":"product_cat-en-famille","11":"product_cat-grups-fr","12":"product_tag-paddle-surf-fr","14":"first","15":"instock","16":"virtual","17":"sold-individually","18":"purchasable","19":"product-type-booking"},"booking_location":"","booking_location_type":"","booking_duration":1,"booking_duration_unit":"hour","booking_buffer":0,"booking_cost":0,"booking_resources":[],"exclude_global_add_ons":[],"addons":[],"acf":[],"_links":{"self":[{"href":"https:\/\/www.esportec.cat\/fr\/wp-json\/wp\/v2\/product\/12258","targetHints":{"allow":["GET"]}}],"collection":[{"href":"https:\/\/www.esportec.cat\/fr\/wp-json\/wp\/v2\/product"}],"about":[{"href":"https:\/\/www.esportec.cat\/fr\/wp-json\/wp\/v2\/types\/product"}],"wp:featuredmedia":[{"embeddable":true,"href":"https:\/\/www.esportec.cat\/fr\/wp-json\/wp\/v2\/media\/4313"}],"wp:attachment":[{"href":"https:\/\/www.esportec.cat\/fr\/wp-json\/wp\/v2\/media?parent=12258"}],"wp:term":[{"taxonomy":"product_place","embeddable":true,"href":"https:\/\/www.esportec.cat\/fr\/wp-json\/wp\/v2\/product_place?post=12258"},{"taxonomy":"product_season","embeddable":true,"href":"https:\/\/www.esportec.cat\/fr\/wp-json\/wp\/v2\/product_season?post=12258"},{"taxonomy":"product_brand","embeddable":true,"href":"https:\/\/www.esportec.cat\/fr\/wp-json\/wp\/v2\/product_brand?post=12258"},{"taxonomy":"product_cat","embeddable":true,"href":"https:\/\/www.esportec.cat\/fr\/wp-json\/wp\/v2\/product_cat?post=12258"},{"taxonomy":"product_tag","embeddable":true,"href":"https:\/\/www.esportec.cat\/fr\/wp-json\/wp\/v2\/product_tag?post=12258"},{"taxonomy":"giftcard-category","embeddable":true,"href":"https:\/\/www.esportec.cat\/fr\/wp-json\/wp\/v2\/giftcard-category?post=12258"}],"curies":[{"name":"wp","href":"https:\/\/api.w.org\/{rel}","templated":true}]}}