{"id":12226,"date":"2025-06-12T15:57:59","date_gmt":"2025-06-12T13:57:59","guid":{"rendered":"https:\/\/www.esportec.cat\/?post_type=product&#038;p=12226"},"modified":"2025-06-13T17:58:16","modified_gmt":"2025-06-13T15:58:16","slug":"location-kayaks-costa-daurada","status":"publish","type":"product","link":"https:\/\/www.esportec.cat\/fr\/activitats\/location-kayaks-costa-daurada\/","title":{"rendered":"Location de kayaks sur la Costa Daurada"},"content":{"rendered":"<h4>Vivez une exp\u00e9rience unique en louant un kayak sur les plages incroyables de Tamarit et La Mora, deux des coins les plus spectaculaires de la Costa Dorada. Partez \u00e0 la d\u00e9couverte de zones littorales prot\u00e9g\u00e9es et profitez d\u2019un cadre naturel exceptionnel tout en pagayant \u00e0 votre rythme.<\/h4>\n<p>&nbsp;<\/p>\n<p>La <a href=\"https:\/\/costadaurada.info\/fr\" target=\"_blank\" rel=\"noopener\">Costa Dorada<\/a> offre mille fa\u00e7ons de profiter des sports nautiques, et l\u2019une des plus authentiques est la balade en kayak. Glissez sur des eaux chaudes et paisibles, entourez-vous de criques pr\u00e9serv\u00e9es, et vivez une aventure m\u00ealant nature, sport et d\u00e9connexion totale.<\/p>\n<p>&nbsp;<\/p>\n<h2><strong>Quels sont les bienfaits du kayak ?<\/strong><\/h2>\n<p>Le kayak est bien plus qu\u2019une simple activit\u00e9 aquatique : c\u2019est un sport qui permet de <strong>travailler l\u2019ensemble du corps<\/strong> sans n\u00e9cessiter un effort physique intense. Contrairement \u00e0 d\u2019autres sports plus exigeants, le kayak offre un <strong>entra\u00eenement complet<\/strong> tout en profitant de la nature.<\/p>\n<p>&nbsp;<\/p>\n<h2><strong>Une activit\u00e9 pour tous<\/strong><\/h2>\n<p>La location de kayaks est une <strong>activit\u00e9 accessible, s\u00fbre et amusante<\/strong> pour tout le monde, quel que soit l\u2019\u00e2ge ou le niveau d\u2019exp\u00e9rience.<\/p>\n<p>Si vous n\u2019avez jamais essay\u00e9 le kayak, <strong>pas d\u2019inqui\u00e9tude<\/strong> ! Avec quelques <strong>instructions de base<\/strong> et un bateau stable, vous pourrez profiter de l\u2019exp\u00e9rience d\u00e8s les premiers instants. La pratique du kayak est <strong>facile \u00e0 apprendre<\/strong>, et en peu de temps, vous vous sentirez \u00e0 l\u2019aise pour naviguer.<\/p>\n<p>Si vous \u00eates d\u00e9j\u00e0 exp\u00e9riment\u00e9, vous pourrez <strong>perfectionner votre technique<\/strong>, naviguer plus rapidement ou explorer des itin\u00e9raires plus exigeants.<\/p>\n<p>Le kayak est une activit\u00e9 <strong>douce et adaptable<\/strong>, qui ne requiert pas une grande condition physique et qui peut \u00eatre pratiqu\u00e9e <strong>de mani\u00e8re tranquille ou plus intense<\/strong>, selon vos pr\u00e9f\u00e9rences.<\/p>\n<p>&nbsp;<\/p>\n<h2><strong>Quelles sont les options propos\u00e9es ?<\/strong><\/h2>\n<p><strong>Si vous recherchez tranquillit\u00e9, introspection et contact direct avec la nature, le kayak individuel est la meilleure option.<\/strong> Naviguez \u00e0 votre rythme, d\u00e9connectez-vous du monde et profitez d\u2019un moment de solitude au c\u0153ur d\u2019un environnement spectaculaire.<\/p>\n<p>Si vous pr\u00e9f\u00e9rez pagayer accompagn\u00e9, le <strong>kayak double<\/strong> est une excellente alternative pour les <strong>couples, amis ou familles avec enfants<\/strong>. La navigation devient <strong>plus confortable et \u00e9quilibr\u00e9e<\/strong>, permettant \u00e0 deux personnes de profiter ensemble de l\u2019exp\u00e9rience.<\/p>\n<p>Le <strong>kayak double<\/strong> est id\u00e9al pour les <strong>couples<\/strong> qui veulent pagayer en harmonie et partager ce moment\u2014une exp\u00e9rience parfaite pour appr\u00e9cier la nature \u00e0 deux. C\u2019est aussi une <strong>option fantastique pour les familles<\/strong>, avec suffisamment d\u2019espace pour <strong>accueillir jusqu\u2019\u00e0 deux enfants<\/strong> qui n\u2019ont pas besoin de pagayer mais peuvent profiter du voyage sur des eaux calmes. En plus, il offre <strong>une meilleure stabilit\u00e9<\/strong>, ce qui en fait le choix parfait pour <strong>les d\u00e9butants<\/strong> qui souhaitent apprendre sans se soucier de l\u2019\u00e9quilibre ou de la technique de pagayage.<\/p>\n<p>&nbsp;<\/p>\n<h2><strong>Que faut-il apporter ?<\/strong><\/h2>\n<ul>\n<li>V\u00eatements confortables et respirants<\/li>\n<li>Chaussures ferm\u00e9es pouvant \u00eatre mouill\u00e9es<\/li>\n<li>Casquette et lunettes de soleil<\/li>\n<\/ul>\n<p>Il est recommand\u00e9 d\u2019apporter <strong>un r\u00e9pulsif anti-moustiques<\/strong>, des v\u00eatements de rechange, une serviette apr\u00e8s l\u2019activit\u00e9, des <strong>en-cas \u00e9nerg\u00e9tiques<\/strong> pour les longues excursions, un <strong>sac \u00e9tanche<\/strong> pour prot\u00e9ger ses effets personnels et une <strong>sangle pour lunettes<\/strong> si n\u00e9cessaire.<\/p>\n<p>&nbsp;<\/p>\n<h2><strong>Niveau de difficult\u00e9 de l\u2019activit\u00e9<\/strong><\/h2>\n<p>Adapt\u00e9e aux <strong>enfants \u00e0 partir de 4 ans<\/strong> (en kayak double accompagn\u00e9 d\u2019un adulte).<\/p>\n","protected":false},"excerpt":{"rendered":"<p>Vivez une exp\u00e9rience unique en louant un kayak sur les plages incroyables de Tamarit et La Mora, deux des coi&#8230;<\/p>\n","protected":false},"featured_media":12233,"template":"","meta":{"_acf_changed":false},"product_place":[167,163],"product_season":[153],"product_brand":[],"product_cat":[91,93,315],"product_tag":[323,332],"giftcard-category":[],"class_list":{"0":"post-12226","1":"product","2":"type-product","3":"status-publish","4":"has-post-thumbnail","6":"product_place-tamarit-tarragones","7":"product_place-la-mora-tarragones","8":"product_season-ete","9":"product_cat-aventure","10":"product_cat-en-famille","11":"product_cat-grups-fr","12":"product_tag-costa-daurada-fr","13":"product_tag-kayak-2-fr","15":"first","16":"outofstock","17":"virtual","18":"purchasable","19":"product-type-simple"},"booking_location":null,"booking_location_type":null,"booking_duration":null,"booking_duration_unit":null,"booking_buffer":null,"booking_cost":null,"booking_resources":null,"exclude_global_add_ons":[],"addons":[],"acf":[],"_links":{"self":[{"href":"https:\/\/www.esportec.cat\/fr\/wp-json\/wp\/v2\/product\/12226","targetHints":{"allow":["GET"]}}],"collection":[{"href":"https:\/\/www.esportec.cat\/fr\/wp-json\/wp\/v2\/product"}],"about":[{"href":"https:\/\/www.esportec.cat\/fr\/wp-json\/wp\/v2\/types\/product"}],"wp:featuredmedia":[{"embeddable":true,"href":"https:\/\/www.esportec.cat\/fr\/wp-json\/wp\/v2\/media\/12233"}],"wp:attachment":[{"href":"https:\/\/www.esportec.cat\/fr\/wp-json\/wp\/v2\/media?parent=12226"}],"wp:term":[{"taxonomy":"product_place","embeddable":true,"href":"https:\/\/www.esportec.cat\/fr\/wp-json\/wp\/v2\/product_place?post=12226"},{"taxonomy":"product_season","embeddable":true,"href":"https:\/\/www.esportec.cat\/fr\/wp-json\/wp\/v2\/product_season?post=12226"},{"taxonomy":"product_brand","embeddable":true,"href":"https:\/\/www.esportec.cat\/fr\/wp-json\/wp\/v2\/product_brand?post=12226"},{"taxonomy":"product_cat","embeddable":true,"href":"https:\/\/www.esportec.cat\/fr\/wp-json\/wp\/v2\/product_cat?post=12226"},{"taxonomy":"product_tag","embeddable":true,"href":"https:\/\/www.esportec.cat\/fr\/wp-json\/wp\/v2\/product_tag?post=12226"},{"taxonomy":"giftcard-category","embeddable":true,"href":"https:\/\/www.esportec.cat\/fr\/wp-json\/wp\/v2\/giftcard-category?post=12226"}],"curies":[{"name":"wp","href":"https:\/\/api.w.org\/{rel}","templated":true}]}}