{"id":11581,"date":"2025-05-14T16:54:34","date_gmt":"2025-05-14T14:54:34","guid":{"rendered":"https:\/\/www.esportec.cat\/?post_type=product&#038;p=11581"},"modified":"2025-07-29T10:50:41","modified_gmt":"2025-07-29T08:50:41","slug":"location-pedalo-llosa","status":"publish","type":"product","link":"https:\/\/www.esportec.cat\/fr\/activitats\/location-pedalo-llosa\/","title":{"rendered":"Location de p\u00e9dalo \u00e0 La Llosa del Cavall"},"content":{"rendered":"<h4>Profitez d\u2019une <strong>activit\u00e9 amusante et adapt\u00e9e \u00e0 tous les \u00e2ges<\/strong> avec la <strong>location de p\u00e9dalo \u00e0 La Llosa del Cavall<\/strong>, l\u2019une des destinations les plus spectaculaires pour les sports nautiques. <strong>Plongez dans un paysage fascinant et amusez-vous<\/strong> entre amis ou en famille, en toute s\u00e9curit\u00e9 et tranquillit\u00e9.<\/h4>\n<p>&nbsp;<\/p>\n<p>D\u00e9couvrez le <a href=\"https:\/\/lavalldelord.com\/fr\/punt\/embassament-de-la-llosa-del-cavall\/\" target=\"_blank\" rel=\"noopener\"><strong>lac de La Llosa del Cavall<\/strong><\/a> en p\u00e9dalo, o\u00f9 <strong>petits et grands<\/strong> pourront <strong>se rafra\u00eechir et glisser sur le toboggan<\/strong> pour une exp\u00e9rience ludique et relaxante.<\/p>\n<p>&nbsp;<\/p>\n<h2><strong>Une activit\u00e9 pour tous<\/strong><\/h2>\n<p>La <strong>location de p\u00e9dalo ou hydrop\u00e9dalo<\/strong> est bien plus qu\u2019une activit\u00e9 nautique : c\u2019est une <strong>exp\u00e9rience id\u00e9ale pour profiter de l\u2019eau sans effort et avec une stabilit\u00e9 totale<\/strong>, parfaite pour tous les \u00e2ges.<\/p>\n<p>Contrairement \u00e0 d\u2019autres sports nautiques, le <strong>p\u00e9dalo offre un moyen s\u00fbr et accessible de naviguer<\/strong>, sans besoin d\u2019exp\u00e9rience pr\u00e9alable. Il permet de <strong>se d\u00e9placer facilement sur l\u2019eau<\/strong>, en profitant du paysage, du beau temps et de la compagnie.<\/p>\n<p>Gr\u00e2ce \u00e0 son <strong>design stable<\/strong>, il est parfait pour <strong>les familles avec enfants, les groupes d\u2019amis ou les couples<\/strong> souhaitant se d\u00e9tendre tout en explorant l\u2019environnement naturel. En plus, c\u2019est une <strong>option id\u00e9ale pour se d\u00e9connecter<\/strong>, car elle se pratique \u00e0 son propre rythme.<\/p>\n<p>&nbsp;<\/p>\n<h2><strong>Comment en profiter ?<\/strong><\/h2>\n<p>La <strong>location de p\u00e9dalo<\/strong> est une <strong>activit\u00e9 id\u00e9ale pour les familles<\/strong>, car les plus petits peuvent <strong>se rafra\u00eechir, jouer et glisser sur le toboggan<\/strong> sans se soucier de l\u2019\u00e9quilibre, tout en portant un <strong>gilet de sauvetage pour plus de s\u00e9curit\u00e9<\/strong>.<\/p>\n<p>Si vous venez entre amis, vous pourrez <strong>vivre une journ\u00e9e pleine de divertissement<\/strong>, en jouant dans l\u2019eau, en partageant des rires ou simplement en <strong>vous relaxant tout en admirant le paysage<\/strong>.<\/p>\n<p>L\u2019<strong>hydrop\u00e9dalo est une option s\u00fbre, confortable et accessible \u00e0 tous<\/strong>, parfaite pour <strong>s\u2019amuser et se d\u00e9tendre<\/strong>, tout en naviguant sur <strong>des eaux calmes, dans un cadre naturel spectaculaire<\/strong>.<\/p>\n<p>&nbsp;<\/p>\n<h2><strong>Niveau de difficult\u00e9 de l\u2019activit\u00e9<\/strong><\/h2>\n<ul>\n<li>Adapt\u00e9e aux <strong>enfants \u00e0 partir de 4 ans<\/strong>, accompagn\u00e9s d\u2019un adulte.<\/li>\n<li>Le <strong>p\u00e9dalo est totalement s\u00e9curis\u00e9<\/strong>, et nous vous donnerons <strong>les notions de base sur son fonctionnement<\/strong>, donc <strong>aucune exp\u00e9rience pr\u00e9alable n\u2019est requise<\/strong> pour en profiter. Il est essentiel qu\u2019un <strong>adulte supervise les plus petits \u00e0 tout moment<\/strong>.<\/li>\n<\/ul>\n<p>&nbsp;<\/p>\n<h2><strong>O\u00f9 nous trouver<\/strong><\/h2>\n<p>Situ\u00e9 \u00e0 <strong>moins de 150 kilom\u00e8tres de Barcelone<\/strong>, \u00e0 environ <strong>30 km de Berga<\/strong> et <strong>43 km de Solsona<\/strong>, le <strong>lac de La Llosa del Cavall<\/strong> se trouve dans la c\u00e9l\u00e8bre <strong>Vall de Lord<\/strong>, au c\u0153ur de la r\u00e9gion du <strong>Solson\u00e8s<\/strong>. Le lac et ses environs sont <strong>l\u2019un des meilleurs endroits de la r\u00e9gion<\/strong> pour profiter <strong>d\u2019un large \u00e9ventail d\u2019activit\u00e9s en plein air<\/strong>.<\/p>\n<p>&nbsp;<\/p>\n<p><img loading=\"lazy\" decoding=\"async\" class=\"alignnone wp-image-12710 size-medium\" src=\"https:\/\/www.esportec.cat\/wp-content\/uploads\/2025\/07\/Com-arribar-600x435.jpeg\" alt=\"\" width=\"600\" height=\"435\" srcset=\"https:\/\/www.esportec.cat\/wp-content\/uploads\/2025\/07\/Com-arribar-600x435.jpeg 600w, https:\/\/www.esportec.cat\/wp-content\/uploads\/2025\/07\/Com-arribar-1024x742.jpeg 1024w, https:\/\/www.esportec.cat\/wp-content\/uploads\/2025\/07\/Com-arribar-768x556.jpeg 768w, https:\/\/www.esportec.cat\/wp-content\/uploads\/2025\/07\/Com-arribar-1536x1113.jpeg 1536w, https:\/\/www.esportec.cat\/wp-content\/uploads\/2025\/07\/Com-arribar.jpeg 1600w\" sizes=\"auto, (max-width: 600px) 100vw, 600px\" \/><\/p>\n<p>&nbsp;<\/p>\n<p>\ud83d\udccd <a href=\"https:\/\/maps.app.goo.gl\/y5HLybVvERn2V9cM9\" target=\"_blank\" rel=\"noopener\"><strong>C-462 \u2013 Km 20,8, 25282 Sant Lloren\u00e7 de Morunys, Lleida<\/strong> <\/a><\/p>\n<p>\u2705 Acc\u00e8s adapt\u00e9 aux personnes \u00e0 mobilit\u00e9 r\u00e9duite<\/p>\n<p>\ud83d\udcde T. 623 764 990<\/p>\n<p>\ud83d\udce7 info@llosadelcavall.cat<\/p>\n<p>Horaires d\u2019ouverture : <strong>de 10 h \u00e0 20 h<\/strong><\/p>\n","protected":false},"excerpt":{"rendered":"<p>Profitez d\u2019une activit\u00e9 amusante et adapt\u00e9e \u00e0 tous les \u00e2ges avec la location de p\u00e9dalo \u00e0 La Llosa del &#8230;<\/p>\n","protected":false},"featured_media":11584,"template":"","meta":{"_acf_changed":false},"product_place":[532],"product_season":[153],"product_brand":[],"product_cat":[91,93,315,100],"product_tag":[183],"giftcard-category":[],"class_list":{"0":"post-11581","1":"product","2":"type-product","3":"status-publish","4":"has-post-thumbnail","6":"product_place-la-llosa-del-cavall-solsones","7":"product_season-ete","8":"product_cat-aventure","9":"product_cat-en-famille","10":"product_cat-grups-fr","11":"product_cat-teambuilding-fr","12":"product_tag-kayak-fr","14":"first","15":"outofstock","16":"virtual","17":"purchasable","18":"product-type-simple"},"exclude_global_add_ons":[],"addons":[],"acf":[],"_links":{"self":[{"href":"https:\/\/www.esportec.cat\/fr\/wp-json\/wp\/v2\/product\/11581","targetHints":{"allow":["GET"]}}],"collection":[{"href":"https:\/\/www.esportec.cat\/fr\/wp-json\/wp\/v2\/product"}],"about":[{"href":"https:\/\/www.esportec.cat\/fr\/wp-json\/wp\/v2\/types\/product"}],"wp:featuredmedia":[{"embeddable":true,"href":"https:\/\/www.esportec.cat\/fr\/wp-json\/wp\/v2\/media\/11584"}],"wp:attachment":[{"href":"https:\/\/www.esportec.cat\/fr\/wp-json\/wp\/v2\/media?parent=11581"}],"wp:term":[{"taxonomy":"product_place","embeddable":true,"href":"https:\/\/www.esportec.cat\/fr\/wp-json\/wp\/v2\/product_place?post=11581"},{"taxonomy":"product_season","embeddable":true,"href":"https:\/\/www.esportec.cat\/fr\/wp-json\/wp\/v2\/product_season?post=11581"},{"taxonomy":"product_brand","embeddable":true,"href":"https:\/\/www.esportec.cat\/fr\/wp-json\/wp\/v2\/product_brand?post=11581"},{"taxonomy":"product_cat","embeddable":true,"href":"https:\/\/www.esportec.cat\/fr\/wp-json\/wp\/v2\/product_cat?post=11581"},{"taxonomy":"product_tag","embeddable":true,"href":"https:\/\/www.esportec.cat\/fr\/wp-json\/wp\/v2\/product_tag?post=11581"},{"taxonomy":"giftcard-category","embeddable":true,"href":"https:\/\/www.esportec.cat\/fr\/wp-json\/wp\/v2\/giftcard-category?post=11581"}],"curies":[{"name":"wp","href":"https:\/\/api.w.org\/{rel}","templated":true}]}}