{"id":11549,"date":"2025-05-14T16:18:02","date_gmt":"2025-05-14T14:18:02","guid":{"rendered":"https:\/\/www.esportec.cat\/?post_type=product&#038;p=11549"},"modified":"2025-07-29T10:59:38","modified_gmt":"2025-07-29T08:59:38","slug":"location-paddle-surf-llosa","status":"publish","type":"product","link":"https:\/\/www.esportec.cat\/fr\/activitats\/location-paddle-surf-llosa\/","title":{"rendered":"Location de paddle surf \u00e0 La Llosa del Cavall"},"content":{"rendered":"<h4>Vivez une <strong>exp\u00e9rience unique<\/strong> avec la <strong>location de paddle surf \u00e0 La Llosa del Cavall<\/strong>, l\u2019une des destinations les plus spectaculaires pour les sports nautiques. <strong>Rafra\u00eechissez-vous et acc\u00e9dez facilement \u00e0 des recoins cach\u00e9s<\/strong> o\u00f9 vous pourrez vous baigner dans la puret\u00e9 des eaux tout en profitant du calme et de la s\u00e9r\u00e9nit\u00e9 de cet endroit exceptionnel.<\/h4>\n<p>&nbsp;<\/p>\n<p>D\u00e9couvrez la magie de <a href=\"https:\/\/lavalldelord.com\/en\/punt\/embassament-de-la-llosa-del-cavall\/\" target=\"_blank\" rel=\"noopener\"><strong>La Llosa del Cavall<\/strong><\/a>, l\u2019un des paysages naturels les plus spectaculaires de Catalogne, tout en vivant une <strong>exp\u00e9rience unique de location de paddle surf<\/strong>. Pagayez tranquillement sur ses eaux cristallines, entour\u00e9 de montagnes et de for\u00eats, et profitez d\u2019une aventure qui allie <strong>nature, sport et d\u00e9tente<\/strong>.<\/p>\n<p>&nbsp;<\/p>\n<h2><strong>Quels sont les bienfaits du paddle surf ?<\/strong><\/h2>\n<p>Le paddle surf est bien plus qu\u2019un simple sport nautique. C\u2019est une activit\u00e9 qui <strong>combine \u00e9quilibre, force et concentration<\/strong>, offrant un <strong>entra\u00eenement complet<\/strong> sans n\u00e9cessiter un effort physique intense. Contrairement \u00e0 d\u2019autres disciplines plus exigeantes, le <strong>paddle surf aide \u00e0 tonifier le corps et \u00e0 am\u00e9liorer la coordination<\/strong>, tout en profitant du calme et de la beaut\u00e9 du lac.<\/p>\n<p>&nbsp;<\/p>\n<h2><strong>Une activit\u00e9 pour tous<\/strong><\/h2>\n<p>La location de paddle surf est une <strong>exp\u00e9rience accessible, s\u00fbre et amusante<\/strong>, id\u00e9ale pour tous les \u00e2ges et niveaux d\u2019exp\u00e9rience.<\/p>\n<p>Si c\u2019est votre premi\u00e8re fois, <strong>pas d\u2019inqui\u00e9tude<\/strong> ! Avec <strong>une planche stable<\/strong> et <strong>quelques instructions de base<\/strong>, vous pourrez profiter de l\u2019exp\u00e9rience d\u00e8s le d\u00e9but. En peu de temps, vous apprendrez \u00e0 <strong>maintenir votre \u00e9quilibre et \u00e0 pagayer facilement<\/strong>.<\/p>\n<p>Si vous \u00eates d\u00e9j\u00e0 exp\u00e9riment\u00e9, vous pourrez <strong>perfectionner votre technique, augmenter votre vitesse<\/strong> ou <strong>explorer des itin\u00e9raires plus exigeants<\/strong>.<\/p>\n<p>Le paddle surf <strong>s\u2019adapte au rythme de chacun<\/strong>. Il ne requiert pas une grande condition physique et peut \u00eatre pratiqu\u00e9 <strong>de mani\u00e8re relaxante<\/strong>, en profitant du paysage, ou <strong>avec plus d\u2019intensit\u00e9<\/strong> pour renforcer l\u2019entra\u00eenement et l\u2019endurance.<\/p>\n<p>&nbsp;<\/p>\n<h2><strong>Quelles sont les options propos\u00e9es ?<\/strong><\/h2>\n<p><strong>Si vous recherchez tranquillit\u00e9, introspection et contact direct avec la nature, le paddle surf individuel est la meilleure option.<\/strong> Naviguez \u00e0 votre rythme, d\u00e9connectez-vous du monde et profitez d\u2019un moment de calme sur les eaux paisibles.<\/p>\n<p>Si vous pr\u00e9f\u00e9rez pagayer accompagn\u00e9, le <strong>paddle surf en duo ou en groupe<\/strong> est id\u00e9al pour <strong>partager l\u2019exp\u00e9rience avec des amis, la famille ou des partenaires d\u2019aventure<\/strong>. Maintenir l\u2019\u00e9quilibre ensemble et synchroniser la pagayage rend l\u2019activit\u00e9 encore plus dynamique et amusante.<\/p>\n<p>Si vous souhaitez associer <strong>sport et relaxation<\/strong>, le <strong>SUP Yoga<\/strong> est une option parfaite pour <strong>se connecter \u00e0 son corps et \u00e0 l\u2019environnement<\/strong>. Pratiquer le yoga sur une planche de paddle surf ajoute un d\u00e9fi <strong>d\u2019\u00e9quilibre et de concentration<\/strong>, transformant chaque s\u00e9ance en une exp\u00e9rience unique de bien-\u00eatre et d\u2019harmonie.<\/p>\n<p>&nbsp;<\/p>\n<h2><strong>Que faut-il apporter ?<\/strong><\/h2>\n<ul>\n<li>V\u00eatements confortables et respirants<\/li>\n<li>Chaussures ferm\u00e9es pouvant \u00eatre mouill\u00e9es<\/li>\n<li>Casquette et lunettes de soleil<\/li>\n<\/ul>\n<p>Il est recommand\u00e9 d\u2019emporter <strong>un r\u00e9pulsif anti-moustiques<\/strong> (surtout le matin et le soir), des v\u00eatements de rechange, une serviette apr\u00e8s l\u2019activit\u00e9, <strong>des encas \u00e9nerg\u00e9tiques<\/strong> pour les itin\u00e9raires longs, <strong>un sac \u00e9tanche<\/strong> pour prot\u00e9ger ses effets personnels et <strong>une sangle pour lunettes<\/strong> si n\u00e9cessaire.<\/p>\n<p>&nbsp;<\/p>\n<h2><strong>Niveau de difficult\u00e9 de l\u2019activit\u00e9<\/strong><\/h2>\n<ul>\n<li>Adapt\u00e9e aux <strong>enfants \u00e0 partir de 4 ans<\/strong> (en kayaks doubles accompagn\u00e9s d\u2019un adulte).<\/li>\n<li>Nos <strong>paddle surf sont rigides et ne coulent pas<\/strong>, ce qui signifie <strong>qu\u2019aucune exp\u00e9rience pr\u00e9alable n\u2019est n\u00e9cessaire<\/strong> pour commencer \u00e0 pagayer et \u00e0 profiter de l\u2019eau imm\u00e9diatement. De plus, le lac <strong>n\u2019a pas de vagues<\/strong>, ce qui <strong>facilite l\u2019apprentissage<\/strong> et fait du stand-up paddle une <strong>exp\u00e9rience s\u00fbre et accessible pour tous<\/strong>.<\/li>\n<\/ul>\n<p>&nbsp;<\/p>\n<p><a href=\"https:\/\/www.esportec.cat\/fr\/conditions-dutilisation-des-activites\/\" target=\"_blank\" rel=\"noopener\">Conditions d\u2019utilisation des activit\u00e9s<\/a><\/p>\n<p>&nbsp;<\/p>\n","protected":false},"excerpt":{"rendered":"<p>Vivez une exp\u00e9rience unique avec la location de paddle surf \u00e0 La Llosa del Cavall, l\u2019une des destinations &#8230;<\/p>\n","protected":false},"featured_media":11552,"template":"","meta":{"_acf_changed":false},"product_place":[532],"product_season":[153],"product_brand":[],"product_cat":[91,93,315,100],"product_tag":[210],"giftcard-category":[],"class_list":{"0":"post-11549","1":"product","2":"type-product","3":"status-publish","4":"has-post-thumbnail","6":"product_place-la-llosa-del-cavall-solsones","7":"product_season-ete","8":"product_cat-aventure","9":"product_cat-en-famille","10":"product_cat-grups-fr","11":"product_cat-teambuilding-fr","12":"product_tag-paddle-surf-fr","14":"first","15":"outofstock","16":"virtual","17":"purchasable","18":"product-type-simple"},"exclude_global_add_ons":[],"addons":[],"acf":[],"_links":{"self":[{"href":"https:\/\/www.esportec.cat\/fr\/wp-json\/wp\/v2\/product\/11549","targetHints":{"allow":["GET"]}}],"collection":[{"href":"https:\/\/www.esportec.cat\/fr\/wp-json\/wp\/v2\/product"}],"about":[{"href":"https:\/\/www.esportec.cat\/fr\/wp-json\/wp\/v2\/types\/product"}],"wp:featuredmedia":[{"embeddable":true,"href":"https:\/\/www.esportec.cat\/fr\/wp-json\/wp\/v2\/media\/11552"}],"wp:attachment":[{"href":"https:\/\/www.esportec.cat\/fr\/wp-json\/wp\/v2\/media?parent=11549"}],"wp:term":[{"taxonomy":"product_place","embeddable":true,"href":"https:\/\/www.esportec.cat\/fr\/wp-json\/wp\/v2\/product_place?post=11549"},{"taxonomy":"product_season","embeddable":true,"href":"https:\/\/www.esportec.cat\/fr\/wp-json\/wp\/v2\/product_season?post=11549"},{"taxonomy":"product_brand","embeddable":true,"href":"https:\/\/www.esportec.cat\/fr\/wp-json\/wp\/v2\/product_brand?post=11549"},{"taxonomy":"product_cat","embeddable":true,"href":"https:\/\/www.esportec.cat\/fr\/wp-json\/wp\/v2\/product_cat?post=11549"},{"taxonomy":"product_tag","embeddable":true,"href":"https:\/\/www.esportec.cat\/fr\/wp-json\/wp\/v2\/product_tag?post=11549"},{"taxonomy":"giftcard-category","embeddable":true,"href":"https:\/\/www.esportec.cat\/fr\/wp-json\/wp\/v2\/giftcard-category?post=11549"}],"curies":[{"name":"wp","href":"https:\/\/api.w.org\/{rel}","templated":true}]}}