{"id":6455,"date":"2010-03-11T11:49:21","date_gmt":"2010-03-11T10:49:21","guid":{"rendered":"https:\/\/www.esportec.cat\/activitats\/xec-regal\/"},"modified":"2025-01-14T16:32:53","modified_gmt":"2025-01-14T15:32:53","slug":"cheque-regalo","status":"publish","type":"product","link":"https:\/\/www.esportec.cat\/es\/actividades\/cheque-regalo\/","title":{"rendered":"Cheque regalo"},"content":{"rendered":"<h4>\u00a1Regala experiencias deportivas en el medio natural, regala aventura con nuestro cheque regalo!<\/h4>\n<p>&nbsp;<\/p>\n<p>La opci\u00f3n de cheque regalo est\u00e1 pensada para que puedas regalar cualquiera de las experiencias en el medio natural que Esportec ofrecemos a lo largo de todo el a\u00f1o en Catalu\u00f1a y que encontrar\u00e1s en nuestro apartado web de <strong>\u201cExperiencias\u201d<\/strong><\/p>\n<p>Funciona como un vale monedero, es decir, t\u00fa eliges el importe que te quieres gastar y la persona que recibe el cheque regalo recibir\u00e1 un c\u00f3digo \u00fanico que le permite descontar f\u00e1cilmente el importe que se le ha regalado en el proceso de compra de la experiencia que haya elegido.<\/p>\n<p>De esta forma, ofrecer\u00e1s un <strong>regalo personalizado y original<\/strong>. \u00a1Una experiencia \u00fanica nunca se olvida!. Al mismo tiempo, la persona que lo recibe tendr\u00e1 la libertad de elegir la experiencia que m\u00e1s le guste, sin la presi\u00f3n de utilizar todo el importe en una sola vez. \u00a1S\u00ed, el importe se puede gastar en varias experiencias!<\/p>\n<p>Si tienes cualquier duda o necesitas asistencia, no dudes en contactarnos en esportec@esportec.cat.<\/p>\n<p>\u00a1Regala <strong>aventura, naturaleza y momentos especiales<\/strong> con el Cheque Regalo de Esportec!<\/p>\n<p>&nbsp;<\/p>\n<p><a href=\"https:\/\/www.esportec.cat\/es\/condiciones-de-uso-de-las-actividades\/#condicions-xec-regal\" target=\"_blank\" rel=\"noopener\">Condiciones de uso de los Cheques Regalo<\/a><\/p>\n","protected":false},"excerpt":{"rendered":"<p>\u00a1Regala experiencias deportivas en el medio natural, regala aventura con nuestro cheque regalo!<br \/>\n&nbsp;<\/p>\n<p>La&#8230;<\/p>\n","protected":false},"featured_media":6442,"template":"","meta":{"_acf_changed":false},"product_place":[532,162,163,164,165,166,167,168],"product_season":[149,151,150,148],"product_brand":[],"product_cat":[78,70,79,251,77,73,76],"product_tag":[69,172,346],"giftcard-category":[],"class_list":{"0":"post-6455","1":"product","2":"type-product","3":"status-publish","4":"has-post-thumbnail","6":"product_place-la-llosa-del-cavall-solsones","7":"product_place-la-molina","8":"product_place-la-mora-tarragones","9":"product_place-penedes","10":"product_place-port-del-comte-solsones","11":"product_place-sitges","12":"product_place-tamarit-tarragones","13":"product_place-tarragona","14":"product_season-invierno","15":"product_season-otono","16":"product_season-primavera-es","17":"product_season-verano","18":"product_cat-aventura-es","19":"product_cat-ecorutas","20":"product_cat-en-familia-es","21":"product_cat-grupos","22":"product_cat-mar-es","23":"product_cat-nieve","24":"product_cat-teambuilding-es","25":"product_tag-kayak","26":"product_tag-paddle-surf-es","27":"product_tag-xec-regal-es","29":"first","30":"instock","31":"virtual","32":"purchasable","33":"product-type-gift-card"},"booking_location":null,"booking_location_type":null,"booking_duration":null,"booking_duration_unit":null,"booking_buffer":null,"booking_cost":null,"booking_resources":null,"exclude_global_add_ons":[],"addons":[],"acf":[],"_links":{"self":[{"href":"https:\/\/www.esportec.cat\/es\/wp-json\/wp\/v2\/product\/6455","targetHints":{"allow":["GET"]}}],"collection":[{"href":"https:\/\/www.esportec.cat\/es\/wp-json\/wp\/v2\/product"}],"about":[{"href":"https:\/\/www.esportec.cat\/es\/wp-json\/wp\/v2\/types\/product"}],"wp:featuredmedia":[{"embeddable":true,"href":"https:\/\/www.esportec.cat\/es\/wp-json\/wp\/v2\/media\/6442"}],"wp:attachment":[{"href":"https:\/\/www.esportec.cat\/es\/wp-json\/wp\/v2\/media?parent=6455"}],"wp:term":[{"taxonomy":"product_place","embeddable":true,"href":"https:\/\/www.esportec.cat\/es\/wp-json\/wp\/v2\/product_place?post=6455"},{"taxonomy":"product_season","embeddable":true,"href":"https:\/\/www.esportec.cat\/es\/wp-json\/wp\/v2\/product_season?post=6455"},{"taxonomy":"product_brand","embeddable":true,"href":"https:\/\/www.esportec.cat\/es\/wp-json\/wp\/v2\/product_brand?post=6455"},{"taxonomy":"product_cat","embeddable":true,"href":"https:\/\/www.esportec.cat\/es\/wp-json\/wp\/v2\/product_cat?post=6455"},{"taxonomy":"product_tag","embeddable":true,"href":"https:\/\/www.esportec.cat\/es\/wp-json\/wp\/v2\/product_tag?post=6455"},{"taxonomy":"giftcard-category","embeddable":true,"href":"https:\/\/www.esportec.cat\/es\/wp-json\/wp\/v2\/giftcard-category?post=6455"}],"curies":[{"name":"wp","href":"https:\/\/api.w.org\/{rel}","templated":true}]}}