{"id":4492,"date":"2023-09-27T12:37:29","date_gmt":"2023-09-27T10:37:29","guid":{"rendered":"https:\/\/www.esportec.cat\/activitats\/segway-sitges-city-tour-mediterraneo-2h\/"},"modified":"2025-06-10T12:50:46","modified_gmt":"2025-06-10T10:50:46","slug":"segway-sitges-city-tour","status":"publish","type":"product","link":"https:\/\/www.esportec.cat\/es\/actividades\/segway-sitges-city-tour\/","title":{"rendered":"Segway Sitges City-tour Mediterr\u00e1neo"},"content":{"rendered":"<h4><span style=\"font-weight: 400;\">\u00a1Recorre la fachada mar\u00edtima de <a href=\"https:\/\/www.visitsitges.com\/ca\/\" target=\"_blank\" rel=\"noopener\">Sitges <\/a> sintiendo la genuina sensaci\u00f3n de equilibrio y diversi\u00f3n que s\u00f3lo te proporciona el segway!<\/span><\/h4>\n<p>&nbsp;<\/p>\n<p><span style=\"font-weight: 400;\">La <strong>ruta ecotur\u00edstica <\/strong> que te proponemos por Sitges y sus playas transcurre el paseo mar\u00edtimo de esta emblem\u00e1tica villa mediterr\u00e1nea, disfrutando de una <strong>vista incre\u00edble junto al mar <\/strong> y visitando importantes monumentos como el del ilustre dr. Benapr\u00e8s o la preciosa ermita del barrio del Vinyet. <\/span><\/p>\n<p><span style=\"font-weight: 400;\">El itinerario tur\u00edstico en segway concluye en Terramar entre lujosas mansiones y jardines.<\/span><\/p>\n<p><span style=\"font-weight: 400;\">Se trata pues de una <strong>ruta guiada<\/strong> por el litoral de Sitges con unas maravillosas vistas al mar. Su car\u00e1cter l\u00fadico y aventurero la hacen ideal para regalar a la pareja, amigos o familia y tambi\u00e9n como actividad de teambuilding con sus compa\u00f1eros de trabajo o clientes VIP. <\/span><\/p>\n<p><span style=\"font-weight: 400;\">Durante el transcurso de toda la actividad ir\u00e1s acompa\u00f1ado de un t\u00e9cnico deportivo conocedor de Sitges y de sus secretos que te contar\u00e1 las principales an\u00e9cdotas de la ciudad y de sus gentes. <\/span><\/p>\n<p><span style=\"font-weight: 400;\">Moverse con un Segway es una nueva experiencia. Con una ligera inclinaci\u00f3n del cuerpo, el veh\u00edculo se desplaza hacia delante o hacia atr\u00e1s. <\/span><\/p>\n<p><span style=\"font-weight: 400;\">El Segway, en tanto que veh\u00edculo el\u00e9ctrico, es ecol\u00f3gico y silencioso. \u00a1Y tambi\u00e9n muy divertido!<\/span><\/p>\n<p><span style=\"font-weight: 400;\">Notar\u00e1s como el sistema de estabilizaci\u00f3n din\u00e1mica del segway funciona perfectamente con el movimiento del cuerpo, manteniendo el equilibrio autom\u00e1ticamente. \u00a1Tienes que vivirlo en tu propia piel! <\/span><\/p>\n<p><span style=\"font-weight: 400;\">No lo dudes, haz turismo por Sitges de una forma ecol\u00f3gica y original sin tener que gastar energ\u00edas caminando arriba y abajo y aprendiendo y disfrutando con la mejor compa\u00f1\u00eda. <\/span><\/p>\n<p><span style=\"font-weight: 400;\">\u00a1Te esperamos!<\/span><\/p>\n<p>&nbsp;<\/p>\n<h3><strong>ESPECIFICACIONES<\/strong><\/h3>\n<ul>\n<li>El servicio incluye un monitor de SEGWAY, el curso de manejo del SEGWAY y el alquiler del SEGWAY para la ruta especificada.<\/li>\n<li>Es requisito imprescindible para realizar la actividad tener entre 10 y 65 a\u00f1os y un peso comprendido entre 40 y 120 kilos.<\/li>\n<li>El usuario del segway debe poder subir y bajar sin ayuda externa.<\/li>\n<li>Se impartir\u00e1 una formaci\u00f3n de unos 15 minutos sobre el manejo del segway en el inicio de la actividad.<\/li>\n<li>El monitor ser\u00e1 el responsable del curso de manejo del SEGWAY y de evaluar la idoneidad del cliente para realizar el tour. El monitor ser\u00e1 el representante de la compa\u00f1\u00eda durante el transcurso del tour; el incumplimiento de sus instrucciones durante el recorrido puede derivar en la finalizaci\u00f3n inmediata del recorrido.<\/li>\n<li>El curso de aprendizaje se realizar\u00e1 antes de iniciar el tour. Al inicio del recorrido se dar\u00e1 por entendido que la persona comprende el funcionamiento y manejo del SEGWAY as\u00ed como los riesgos derivados de su uso, eximiendo de cualquier responsabilidad a la empresa frente a cualquier ca\u00edda o incidente de cualquier \u00edndole.<\/li>\n<li>El usuario queda obligado a realizar un buen uso del material alquilado durante el recorrido haci\u00e9ndose cargo de los posibles desperfectos derivados de cualquier uso fuera de las normas de conducta explicadas durante el curso de aprendizaje.<\/li>\n<li>Recomendamos llevar ropa y calzado c\u00f3modo. Protegerse del sol en verano.<\/li>\n<li>En caso de que las condiciones meteorol\u00f3gicas nos impidan empezar la actividad, quedar\u00e1 aplazada para otro d\u00eda. Si no se termina realizando, se proceder\u00e1 al reembolso del importe \u00edntegro de la actividad.<\/li>\n<li><a href=\"https:\/\/www.esportec.cat\/condicions-dus-de-les-activitats\/\" target=\"_blank\" rel=\"noopener\">Condiciones de uso de las actividades<\/a><\/li>\n<\/ul>\n<p>&nbsp;<\/p>\n","protected":false},"excerpt":{"rendered":"<p>\u00a1Recorre la fachada mar\u00edtima de Sitges  sintiendo la genuina sensaci\u00f3n de equilibrio y diversi\u00f3n que s\u00f3lo&#8230;<\/p>\n","protected":false},"featured_media":1192,"template":"","meta":{"_acf_changed":false},"product_place":[166],"product_season":[151,150,148],"product_brand":[],"product_cat":[70,251,76],"product_tag":[71,218,221],"giftcard-category":[],"class_list":{"0":"post-4492","1":"product","2":"type-product","3":"status-publish","4":"has-post-thumbnail","6":"product_place-sitges","7":"product_season-otono","8":"product_season-primavera-es","9":"product_season-verano","10":"product_cat-ecorutas","11":"product_cat-grupos","12":"product_cat-teambuilding-es","13":"product_tag-ecorutas","14":"product_tag-segway-es","15":"product_tag-sitges-es","17":"first","18":"instock","19":"virtual","20":"sold-individually","21":"purchasable","22":"product-type-booking"},"exclude_global_add_ons":false,"addons":[{"name":"Hora de inicio","type":"multiple_choice","position":0,"required":true,"title_format":"label","default":"","description_enable":false,"description":"","placeholder_enable":false,"placeholder":"","display":"select","restrictions_type":"any_text","adjust_price":false,"price":"","price_type":"flat_fee","restrictions":false,"min":"0","max":"0","options":[{"label":"9:00","price":"","price_type":"flat_fee","image":0,"visibility":true},{"label":"10:00","price":"","price_type":"flat_fee","image":0,"visibility":true},{"label":"16:00","price":"","price_type":"flat_fee","image":0,"visibility":true},{"label":"17:00","price":"","price_type":"flat_fee","image":0,"visibility":true}]}],"acf":[],"_links":{"self":[{"href":"https:\/\/www.esportec.cat\/es\/wp-json\/wp\/v2\/product\/4492","targetHints":{"allow":["GET"]}}],"collection":[{"href":"https:\/\/www.esportec.cat\/es\/wp-json\/wp\/v2\/product"}],"about":[{"href":"https:\/\/www.esportec.cat\/es\/wp-json\/wp\/v2\/types\/product"}],"wp:featuredmedia":[{"embeddable":true,"href":"https:\/\/www.esportec.cat\/es\/wp-json\/wp\/v2\/media\/1192"}],"wp:attachment":[{"href":"https:\/\/www.esportec.cat\/es\/wp-json\/wp\/v2\/media?parent=4492"}],"wp:term":[{"taxonomy":"product_place","embeddable":true,"href":"https:\/\/www.esportec.cat\/es\/wp-json\/wp\/v2\/product_place?post=4492"},{"taxonomy":"product_season","embeddable":true,"href":"https:\/\/www.esportec.cat\/es\/wp-json\/wp\/v2\/product_season?post=4492"},{"taxonomy":"product_brand","embeddable":true,"href":"https:\/\/www.esportec.cat\/es\/wp-json\/wp\/v2\/product_brand?post=4492"},{"taxonomy":"product_cat","embeddable":true,"href":"https:\/\/www.esportec.cat\/es\/wp-json\/wp\/v2\/product_cat?post=4492"},{"taxonomy":"product_tag","embeddable":true,"href":"https:\/\/www.esportec.cat\/es\/wp-json\/wp\/v2\/product_tag?post=4492"},{"taxonomy":"giftcard-category","embeddable":true,"href":"https:\/\/www.esportec.cat\/es\/wp-json\/wp\/v2\/giftcard-category?post=4492"}],"curies":[{"name":"wp","href":"https:\/\/api.w.org\/{rel}","templated":true}]}}