{"id":4473,"date":"2024-02-27T12:36:50","date_gmt":"2024-02-27T11:36:50","guid":{"rendered":"https:\/\/www.esportec.cat\/activitats\/tubbies-en-port-del-comte\/"},"modified":"2025-05-08T11:53:43","modified_gmt":"2025-05-08T09:53:43","slug":"tubbing-en-port-del-comte","status":"publish","type":"product","link":"https:\/\/www.esportec.cat\/es\/actividades\/tubbing-en-port-del-comte\/","title":{"rendered":"Tubbing en Port del Comte"},"content":{"rendered":"<h4>\u00a1L\u00e1nzate por el tubbing de Port del Comte!<\/h4>\n<p>&nbsp;<\/p>\n<p>Los tubbys son una especie de flotadoras gigantes en forma de donut que se deslizan por un circuito en forma de tobog\u00e1n especialmente dise\u00f1ado para que reboten y hagan divertidos giros.<\/p>\n<p>Vienen a ser el equivalente a los trineos de nieve durante el invierno, \u00a1con la gran ventaja que se pueden disfrutar todo el a\u00f1o!<\/p>\n<p>En esta <strong>actividad de aventura apta para toda la familia<\/strong> subir\u00e1s por una cinta transportadora tantas veces como quieras en el transcurso de una hora y bajar\u00e1s desliz\u00e1ndose por el circuito de tubbing con un gigantesco flotador.<\/p>\n<p>Puedes hacerlo solo o acompa\u00f1ado de tu hijo o hija, que disfrutar\u00e1 de las <strong>bajadas con total seguridad<\/strong> ya que tanto la velocidad como el frenado al final del tobog\u00e1n est\u00e1n totalmente controlados.<\/p>\n<p>Ver\u00e1s que los ni\u00f1os enseguida se enganchan a la adrenalina que desprenden los tubbys y que no podr\u00e1n parar de bajar. Todo ello en una actvidad de aventura en la que peque\u00f1os y mayores disfrutar\u00e9is como nunca.<\/p>\n<p>El entorno donde se desarrolla esta divertid\u00edsima actividad de aventura familiar es id\u00edlico: el macizo de Port del Comte. \u00a1Disfrutar\u00e1s de <strong>impresionantes vistas<\/strong> hacia el Valle de Lord!<\/p>\n<p>Bajar en tubbing es una experiencia emocionante y divertida que te har\u00e1 sentirse como un ni\u00f1o peque\u00f1o. No lo pienses m\u00e1s y ven a disfrutar de aventuras en el medio natural con nosotros. \u00a1Atr\u00e9vete!<\/p>\n<p>&nbsp;<\/p>\n<p><strong>Informaci\u00f3n adicional:<\/strong><\/p>\n<ul>\n<li style=\"font-weight: 400;\"><span style=\"font-weight: 400;\"><span style=\"font-weight: 400;\">El emplazamiento de la actividad est\u00e1 al pie de la <a href=\"https:\/\/www.portdelcomte.net\/\" target=\"_blank\" rel=\"noopener\">estaci\u00f3n de esqu\u00ed de Port del Comte.<\/a><\/span><\/span><\/li>\n<li>La actividad de tubbies tiene una duraci\u00f3n de 1 hora<\/li>\n<li style=\"font-weight: 400;\"><span style=\"font-weight: 400;\">La actividad de tubbies incluye el t\u00e9cnico deportivo, el material de seguridad (casco) y los seguros pertinentes.<\/span><\/li>\n<li style=\"font-weight: 400;\"><span style=\"font-weight: 400;\">Habr\u00e1 que acordar con nosotros la hora de inicio.<\/span><\/li>\n<li style=\"font-weight: 400;\"><span style=\"font-weight: 400;\">Si sois un m\u00ednimo de 4 personas y, adem\u00e1s del tubbing, quer\u00e9is disfrutar de los circuitos acrob\u00e1ticos de aventura con tirolinas y de la actividad de roc\u00f3dromo, os recomendamos adquirir el <a href=\"https:\/\/www.esportec.cat\/es\/actividades\/dia-aventura-port-del-comte\/\" target=\"_blank\" rel=\"noopener\">forfait de d\u00eda<\/a>.<\/span><\/li>\n<li style=\"font-weight: 400;\"><span style=\"font-weight: 400;\">Una vez comenzada la actividad<\/span> <b>ESPORTEC<\/b> <span style=\"font-weight: 400;\">se reserva el derecho de cerrarla o detenerla si as\u00ed lo cree oportuno por mal tiempo o condiciones adversas. En este caso, no se devolver\u00e1 ning\u00fan importe. <\/span><\/li>\n<li style=\"font-weight: 400;\"><span style=\"font-weight: 400;\">La edad m\u00ednima para realizar la actividad es de 6 a\u00f1os. <\/span><\/li>\n<li style=\"font-weight: 400;\"><span style=\"font-weight: 400;\">Venta online: Compras con 48 h de antelaci\u00f3n.<\/span><\/li>\n<li><a href=\"https:\/\/www.esportec.cat\/condicions-dus-de-les-activitats\/\" target=\"_blank\" rel=\"noopener\">Condiciones de uso de las actividades<\/a><\/li>\n<\/ul>\n","protected":false},"excerpt":{"rendered":"<p>\u00a1L\u00e1nzate por el tubbing de Port del Comte!<br \/>\n&nbsp;<\/p>\n<p>Los tubbys son una especie de flotadoras gigantes en f&#8230;<\/p>\n","protected":false},"featured_media":778,"template":"","meta":{"_acf_changed":false},"product_place":[165],"product_season":[151,150,148],"product_brand":[],"product_cat":[78,79],"product_tag":[68],"giftcard-category":[],"class_list":{"0":"post-4473","1":"product","2":"type-product","3":"status-publish","4":"has-post-thumbnail","6":"product_place-port-del-comte-solsones","7":"product_season-otono","8":"product_season-primavera-es","9":"product_season-verano","10":"product_cat-aventura-es","11":"product_cat-en-familia-es","12":"product_tag-parque-aventura","14":"first","15":"instock","16":"virtual","17":"sold-individually","18":"purchasable","19":"product-type-booking"},"exclude_global_add_ons":[],"addons":[],"acf":[],"_links":{"self":[{"href":"https:\/\/www.esportec.cat\/es\/wp-json\/wp\/v2\/product\/4473","targetHints":{"allow":["GET"]}}],"collection":[{"href":"https:\/\/www.esportec.cat\/es\/wp-json\/wp\/v2\/product"}],"about":[{"href":"https:\/\/www.esportec.cat\/es\/wp-json\/wp\/v2\/types\/product"}],"wp:featuredmedia":[{"embeddable":true,"href":"https:\/\/www.esportec.cat\/es\/wp-json\/wp\/v2\/media\/778"}],"wp:attachment":[{"href":"https:\/\/www.esportec.cat\/es\/wp-json\/wp\/v2\/media?parent=4473"}],"wp:term":[{"taxonomy":"product_place","embeddable":true,"href":"https:\/\/www.esportec.cat\/es\/wp-json\/wp\/v2\/product_place?post=4473"},{"taxonomy":"product_season","embeddable":true,"href":"https:\/\/www.esportec.cat\/es\/wp-json\/wp\/v2\/product_season?post=4473"},{"taxonomy":"product_brand","embeddable":true,"href":"https:\/\/www.esportec.cat\/es\/wp-json\/wp\/v2\/product_brand?post=4473"},{"taxonomy":"product_cat","embeddable":true,"href":"https:\/\/www.esportec.cat\/es\/wp-json\/wp\/v2\/product_cat?post=4473"},{"taxonomy":"product_tag","embeddable":true,"href":"https:\/\/www.esportec.cat\/es\/wp-json\/wp\/v2\/product_tag?post=4473"},{"taxonomy":"giftcard-category","embeddable":true,"href":"https:\/\/www.esportec.cat\/es\/wp-json\/wp\/v2\/giftcard-category?post=4473"}],"curies":[{"name":"wp","href":"https:\/\/api.w.org\/{rel}","templated":true}]}}