{"id":4472,"date":"2025-09-28T12:36:51","date_gmt":"2025-09-28T10:36:51","guid":{"rendered":"https:\/\/www.esportec.cat\/activitats\/dualski-en-port-del-comte\/"},"modified":"2025-09-26T12:07:18","modified_gmt":"2025-09-26T10:07:18","slug":"dualski-port-del-comte","status":"publish","type":"product","link":"https:\/\/www.esportec.cat\/es\/actividades\/dualski-port-del-comte\/","title":{"rendered":"Dualski en Port del Comte"},"content":{"rendered":"<h4>El dualski es una modalidad del esqu\u00ed adaptado en la que se esqu\u00eda con una <strong>silla que contiene esqu\u00eds<\/strong>. Es como una silla de ruedas, pero adaptada para deslizarse por la nieve.<\/h4>\n<p>&nbsp;<\/p>\n<p>El dualski permite a las personas que no pueden mantenerse de pie o que tienen discapacidad sensorial disfrutar de la experiencia del esqu\u00ed sin necesidad de tener conocimientos especiales. En el dualski, la persona se encuentra sentada en una carcasa espec\u00edfica y conf\u00eda en su piloto. Estos dispositivos, que consisten en una carcasa con esqu\u00eds, est\u00e1n dise\u00f1ados para este prop\u00f3sito.<\/p>\n<p>En la estaci\u00f3n de esqu\u00ed de Port del Comte, se puede disfrutar de las diferentes zonas esquiables con el dualski pilotado. Con esta silla, el acceso a los telecabinas y las cintas es muy sencillo, y los pilotos, adem\u00e1s de recibir formaci\u00f3n espec\u00edfica, tienen muchas horas de esqu\u00ed a sus espaldas.<\/p>\n<p><strong>Cualquier persona puede hacer uso del dualski pilotado<\/strong>, ya sea que tenga alguna dificultad motora o intelectual, o simplemente si nunca ha esquiado y desea disfrutar de un paseo en este tipo de \u201c<strong>ski-taxi<\/strong>\u201d. Por ejemplo, gracias a esta silla adaptada para esquiar, los abuelos y abuelas podr\u00e1n ver c\u00f3mo esqu\u00edan sus nietos y disfrutar de una jornada de esqu\u00ed conjunta.<\/p>\n<p>Los objetivos de esta experiencia en el dualski son la DIVERSI\u00d3N y la SEGURIDAD de la persona que lo utilice.<\/p>\n<p>\u00bfHacemos unos giros?<\/p>\n<p>&nbsp;<\/p>\n<p><strong>Informaci\u00f3n adicional:<\/strong><\/p>\n<ul>\n<li>La duraci\u00f3n de la clase de dualski es de un m\u00ednimo de dos horas<\/li>\n<li>Con la compra del forfait en la estaci\u00f3n, el acompa\u00f1ante del cliente obtiene un forfait gratuito con la muestra de la tarjeta acreditativa de la discapacidad<\/li>\n<li>El acompa\u00f1ante puede ir con el profesor durante toda la clase siempre que tenga un nivel m\u00ednimo de esqu\u00ed<\/li>\n<li>Si desea alargar la estancia en Port del Comte, el <a href=\"https:\/\/albergmirador.com\/accessibilitat\/\" target=\"_blank\" rel=\"noopener\">Albergue Mirador de Port del Comte<\/a>, situado a pie de pistas y gestionado por Esportec, es 100% accesible. Dispone de 5 plazas adaptadas que permiten alojarse con total comodidad.<\/li>\n<\/ul>\n<p>&nbsp;<\/p>\n<p>&nbsp;<\/p>\n","protected":false},"excerpt":{"rendered":"<p>El dualski es una modalidad del esqu\u00ed adaptado en la que se esqu\u00eda con una silla que contiene esqu\u00eds. Es co&#8230;<\/p>\n","protected":false},"featured_media":838,"template":"","meta":{"_acf_changed":false},"product_place":[165],"product_season":[149],"product_brand":[],"product_cat":[73],"product_tag":[192,202],"giftcard-category":[],"class_list":{"0":"post-4472","1":"product","2":"type-product","3":"status-publish","4":"has-post-thumbnail","6":"product_place-port-del-comte-solsones","7":"product_season-invierno","8":"product_cat-nieve","9":"product_tag-dualski-es","10":"product_tag-esqui-es","12":"first","13":"instock","14":"virtual","15":"sold-individually","16":"purchasable","17":"product-type-booking"},"exclude_global_add_ons":[],"addons":[],"acf":[],"_links":{"self":[{"href":"https:\/\/www.esportec.cat\/es\/wp-json\/wp\/v2\/product\/4472","targetHints":{"allow":["GET"]}}],"collection":[{"href":"https:\/\/www.esportec.cat\/es\/wp-json\/wp\/v2\/product"}],"about":[{"href":"https:\/\/www.esportec.cat\/es\/wp-json\/wp\/v2\/types\/product"}],"wp:featuredmedia":[{"embeddable":true,"href":"https:\/\/www.esportec.cat\/es\/wp-json\/wp\/v2\/media\/838"}],"wp:attachment":[{"href":"https:\/\/www.esportec.cat\/es\/wp-json\/wp\/v2\/media?parent=4472"}],"wp:term":[{"taxonomy":"product_place","embeddable":true,"href":"https:\/\/www.esportec.cat\/es\/wp-json\/wp\/v2\/product_place?post=4472"},{"taxonomy":"product_season","embeddable":true,"href":"https:\/\/www.esportec.cat\/es\/wp-json\/wp\/v2\/product_season?post=4472"},{"taxonomy":"product_brand","embeddable":true,"href":"https:\/\/www.esportec.cat\/es\/wp-json\/wp\/v2\/product_brand?post=4472"},{"taxonomy":"product_cat","embeddable":true,"href":"https:\/\/www.esportec.cat\/es\/wp-json\/wp\/v2\/product_cat?post=4472"},{"taxonomy":"product_tag","embeddable":true,"href":"https:\/\/www.esportec.cat\/es\/wp-json\/wp\/v2\/product_tag?post=4472"},{"taxonomy":"giftcard-category","embeddable":true,"href":"https:\/\/www.esportec.cat\/es\/wp-json\/wp\/v2\/giftcard-category?post=4472"}],"curies":[{"name":"wp","href":"https:\/\/api.w.org\/{rel}","templated":true}]}}