{"id":4461,"date":"2023-09-27T12:37:21","date_gmt":"2023-09-27T10:37:21","guid":{"rendered":"https:\/\/www.esportec.cat\/activitats\/ruta-guiada-puesta-de-sol-kayak-paddle-surf\/"},"modified":"2025-04-29T10:40:51","modified_gmt":"2025-04-29T08:40:51","slug":"sunset-paddle-surf-costa-dorada","status":"publish","type":"product","link":"https:\/\/www.esportec.cat\/es\/actividades\/sunset-paddle-surf-costa-dorada\/","title":{"rendered":"Ruta guiada Sunset Paddle Surf Costa Dorada"},"content":{"rendered":"<h3>\u00a1Ruta guiada Puesta de Sol Costa Daurada!<\/h3>\n<p>Deja que el sol ti\u00f1a de colores el horizonte mientras te deslizas suavemente en paddle surf (stand up paddle) sobre las tranquilas aguas de la <a href=\"https:\/\/costadaurada.info\/es\" target=\"_blank\" rel=\"noopener\">Costa Dorada<\/a>. D\u00e9jate llevar por la serenidad del momento, mientras el sol se adentra suavemente en el horizonte y te regala un recuerdo inolvidable.<\/p>\n<p>&nbsp;<\/p>\n<h3>\u00bfEn qu\u00e9 consiste la actividad?<\/h3>\n<p>Esta actividad os permite <strong>observar la puesta de sol<\/strong> mientras os desliz\u00e1is con serenidad sobre vuestra tabla de paddle surf. En estos momentos, el mar se convierte en un lugar casi desierto, ofreciendo una calma incomparable. Por ello, queremos mostraros el encanto de la zona: la magia de contemplar el sol en estos instantes id\u00edlicos donde podemos apreciar el placer de las peque\u00f1as cosas.<\/p>\n<p>Una vez iniciemos la <strong>ruta con paddle surf<\/strong>, y tras una breve introducci\u00f3n, mantendremos el recorrido cerca de la costa, en direcci\u00f3n Tarragona. La orograf\u00eda \u00fanica de esta zona, modelada por la fuerza del mar, revela entre sus paredes un <strong>fascinante conjunto de cuevas<\/strong>.<\/p>\n<p>Nos adentraremos en estas joyas naturales para capturar ese momento perfecto, digno de <strong>fotos espectaculares<\/strong>.<\/p>\n<p>En verano, en oto\u00f1o o incluso en primavera, a las \u00faltimas horas del d\u00eda, el mar suele estar en calma, un aut\u00e9ntico lujo para navegar.<\/p>\n<p>Descubriremos este para\u00edso hasta llegar a unas calas. Despu\u00e9s de descansar y disfrutar del momento, regresaremos al punto de inicio, concluyendo una <strong>experiencia \u00fanica y especial<\/strong>, donde el sol se oculta de formas distintas en cada ocasi\u00f3n.<\/p>\n<p>Es una actividad pensada para disfrutarla en pareja, con un grupo de amigos o en familia.<\/p>\n<p>Os recomendamos llevar una c\u00e1mara. \u00a1No querr\u00e9is perder la oportunidad de hacer fotos inolvidables!<\/p>\n<p>&nbsp;<\/p>\n<h3>\u00bfD\u00f3nde?<\/h3>\n<ul>\n<li><strong>LA MORA<\/strong>: Platja de La Mora S\/N (Tarragona)<\/li>\n<li><strong>TAMARIT<\/strong>: Platja de Tamarit S\/N (Tarragona)<\/li>\n<\/ul>\n<p>&nbsp;<\/p>\n<h3>Insp\u00edrate<\/h3>\n<p><iframe loading=\"lazy\" title=\"PADDLE SURF\" width=\"500\" height=\"281\" src=\"https:\/\/www.youtube.com\/embed\/TkVloJ9BaiQ?feature=oembed&#038;enablejsapi=1&#038;origin=https:\/\/www.esportec.cat\" frameborder=\"0\" allow=\"accelerometer; autoplay; clipboard-write; encrypted-media; gyroscope; picture-in-picture; web-share\" referrerpolicy=\"strict-origin-when-cross-origin\" allowfullscreen><\/iframe><\/p>\n","protected":false},"excerpt":{"rendered":"<p>\u00a1Ruta guiada Puesta de Sol Costa Daurada!<br \/>\nDeja que el sol ti\u00f1a de colores el horizonte mientras te deslizas&#8230;<\/p>\n","protected":false},"featured_media":11322,"template":"","meta":{"_acf_changed":false},"product_place":[163,167],"product_season":[148],"product_brand":[],"product_cat":[251,77,76],"product_tag":[408,172,411],"giftcard-category":[],"class_list":{"0":"post-4461","1":"product","2":"type-product","3":"status-publish","4":"has-post-thumbnail","6":"product_place-la-mora-tarragones","7":"product_place-tamarit-tarragones","8":"product_season-verano","9":"product_cat-grupos","10":"product_cat-mar-es","11":"product_cat-teambuilding-es","12":"product_tag-costa-daurada-es","13":"product_tag-paddle-surf-es","14":"product_tag-ruta-guiada-es","16":"first","17":"instock","18":"virtual","19":"sold-individually","20":"purchasable","21":"product-type-booking"},"exclude_global_add_ons":false,"addons":[{"name":"Kayak o Paddle Surf","type":"multiple_choice","position":0,"required":true,"title_format":"label","default":"","description_enable":false,"description":"","placeholder_enable":false,"placeholder":"","display":"select","restrictions_type":"any_text","adjust_price":false,"price":"","price_type":"flat_fee","restrictions":false,"min":"0","max":"0","options":[{"label":"Kayak","price":"","price_type":"flat_fee","image":0,"visibility":true},{"label":"Paddle Surf","price":"","price_type":"flat_fee","image":0,"visibility":true}]},{"name":"Ubicaci\u00f3n","type":"multiple_choice","position":1,"required":true,"title_format":"label","default":"","description_enable":false,"description":"","placeholder_enable":false,"placeholder":"","display":"select","restrictions_type":"any_text","adjust_price":false,"price":"","price_type":"flat_fee","restrictions":false,"min":"0","max":"0","options":[{"label":"Tamarit","price":"","price_type":"flat_fee","image":0,"visibility":true},{"label":"La Mora","price":"","price_type":"flat_fee","image":0,"visibility":true}]},{"name":"Menores de 6 a\u00f1os, gratis","type":"multiple_choice","position":2,"required":true,"title_format":"label","default":"","description_enable":true,"description":" Cada reserva de adulto autoriza a un menor gratuito.","placeholder_enable":false,"placeholder":"","display":"select","restrictions_type":"any_text","adjust_price":false,"price":"","price_type":"flat_fee","restrictions":false,"min":"0","max":"0","options":[{"label":"0","price":"","price_type":"flat_fee","image":0,"visibility":true},{"label":"1","price":"","price_type":"flat_fee","image":0,"visibility":true},{"label":"2","price":"","price_type":"flat_fee","image":0,"visibility":true},{"label":"3","price":"","price_type":"flat_fee","image":0,"visibility":true},{"label":"4","price":"","price_type":"flat_fee","image":0,"visibility":true},{"label":"5","price":"","price_type":"flat_fee","image":0,"visibility":true},{"label":"6","price":"","price_type":"flat_fee","image":0,"visibility":true}]}],"acf":[],"_links":{"self":[{"href":"https:\/\/www.esportec.cat\/es\/wp-json\/wp\/v2\/product\/4461","targetHints":{"allow":["GET"]}}],"collection":[{"href":"https:\/\/www.esportec.cat\/es\/wp-json\/wp\/v2\/product"}],"about":[{"href":"https:\/\/www.esportec.cat\/es\/wp-json\/wp\/v2\/types\/product"}],"wp:featuredmedia":[{"embeddable":true,"href":"https:\/\/www.esportec.cat\/es\/wp-json\/wp\/v2\/media\/11322"}],"wp:attachment":[{"href":"https:\/\/www.esportec.cat\/es\/wp-json\/wp\/v2\/media?parent=4461"}],"wp:term":[{"taxonomy":"product_place","embeddable":true,"href":"https:\/\/www.esportec.cat\/es\/wp-json\/wp\/v2\/product_place?post=4461"},{"taxonomy":"product_season","embeddable":true,"href":"https:\/\/www.esportec.cat\/es\/wp-json\/wp\/v2\/product_season?post=4461"},{"taxonomy":"product_brand","embeddable":true,"href":"https:\/\/www.esportec.cat\/es\/wp-json\/wp\/v2\/product_brand?post=4461"},{"taxonomy":"product_cat","embeddable":true,"href":"https:\/\/www.esportec.cat\/es\/wp-json\/wp\/v2\/product_cat?post=4461"},{"taxonomy":"product_tag","embeddable":true,"href":"https:\/\/www.esportec.cat\/es\/wp-json\/wp\/v2\/product_tag?post=4461"},{"taxonomy":"giftcard-category","embeddable":true,"href":"https:\/\/www.esportec.cat\/es\/wp-json\/wp\/v2\/giftcard-category?post=4461"}],"curies":[{"name":"wp","href":"https:\/\/api.w.org\/{rel}","templated":true}]}}