{"id":4445,"date":"2023-09-27T12:37:30","date_gmt":"2023-09-27T10:37:30","guid":{"rendered":"https:\/\/www.esportec.cat\/activitats\/ruta-guiada-paddle-surf-costa-daurada\/"},"modified":"2025-04-29T10:39:57","modified_gmt":"2025-04-29T08:39:57","slug":"paddle-surf-costa-daurada","status":"publish","type":"product","link":"https:\/\/www.esportec.cat\/es\/actividades\/paddle-surf-costa-daurada\/","title":{"rendered":"Ruta guiada Paddle Surf Costa Dorada"},"content":{"rendered":"<h3>\u00bfQue es el Paddle Surf?<\/h3>\n<p>El Paddle Surf es una variante del surf en la que nos deslizamos en el agua de pie sobre una tabla de grandes dimensiones y con la ayuda de una pala.<\/p>\n<p>Esta divertida modalidad deportiva se ha popularizado en nuestras playas en los \u00faltimos 10 a\u00f1os, convirti\u00e9ndose en una actividad acu\u00e1tica apta para todos los p\u00fablicos.<\/p>\n<p>&nbsp;<\/p>\n<h3>\u00bfEn qu\u00e9 consiste la actividad?<\/h3>\n<p>Se trata de una apasionante <strong>ruta guiada de medio d\u00eda por la Costa Daurada en Paddle Surf<\/strong>.<\/p>\n<p>Empezaremos en la playa, donde realizaremos un <strong>peque\u00f1o breafing<\/strong> para conocer las diferentes partes del material a utilizar.<\/p>\n<p>Contaremos la corta pero muy interesante historia del Paddle Surf. Tambi\u00e9n hablaremos de los aspectos de seguridad que debemos tener en cuenta de cara a la ruta.<\/p>\n<p>Por \u00faltimo, cargaremos el material necesario con botes estancos y lo ataremos al Paddle surf antes de entrar en el mar.<\/p>\n<p>Con la ayuda del kit de snorkel, observaremos el fondo marino y las irregularidades que dibuja el mar en la costa. Para nosotros, la costa que bordea las playas de Tamarit y La Mora son las zonas m\u00e1s bonitas de la costa tarraconense.<\/p>\n<p>En algunos casos visitaremos cuevas, donde podremos entrar con la tabla de Paddle Surf. Tambi\u00e9n visitaremos peque\u00f1as calas y pararemos en alguna de ellas para descansar y tomar fuerzas de nuevo para encarar la vuelta hacia el punto de inicio.<\/p>\n<p>Siempre ser\u00e1 una <strong>ruta circular<\/strong> de la duraci\u00f3n que decid\u00e1is (3 o 6 horas).<\/p>\n<p>Se trata pues de una actividad refrescante y de aventura ideal para grupos de un m\u00ednimo de cuatro personas. Con la seguridad y garant\u00eda de estar siempre acompa\u00f1ados de un t\u00e9cnico deportivo conocedor de la zona.<\/p>\n<p>&nbsp;<\/p>\n<h3>\u00bfD\u00f3nde?<\/h3>\n<p>Desde cualquiera de las dos bases n\u00e1uticas que tenemos instaladas en la <a href=\"https:\/\/costadaurada.info\/\" target=\"_blank\" rel=\"noopener\">Costa Daurada<\/a>, todas ellas en playas magn\u00edficas para disfrutar del mar y de las actividades acu\u00e1ticas en un entorno natural de gran belleza.<\/p>\n<ul>\n<li><strong>LA MORA<\/strong>: Platja de La Mora S\/N (Tarragona)<\/li>\n<li><strong>TAMARIT<\/strong>: Platja de Tamarit S\/N (Tarragona)<\/li>\n<\/ul>\n<p>\u00a1Elige la que m\u00e1s te guste!<\/p>\n<p>&nbsp;<\/p>\n<h3>Insp\u00edrate<\/h3>\n<p><iframe loading=\"lazy\" title=\"PADDLE SURF\" width=\"500\" height=\"281\" src=\"https:\/\/www.youtube.com\/embed\/TkVloJ9BaiQ?feature=oembed&#038;enablejsapi=1&#038;origin=https:\/\/www.esportec.cat\" frameborder=\"0\" allow=\"accelerometer; autoplay; clipboard-write; encrypted-media; gyroscope; picture-in-picture; web-share\" referrerpolicy=\"strict-origin-when-cross-origin\" allowfullscreen><\/iframe><\/p>\n","protected":false},"excerpt":{"rendered":"<p>\u00bfQue es el Paddle Surf?<br \/>\nEl Paddle Surf es una variante del surf en la que nos deslizamos en el agua de pie s&#8230;<\/p>\n","protected":false},"featured_media":4314,"template":"","meta":{"_acf_changed":false},"product_place":[163,167],"product_season":[148],"product_brand":[],"product_cat":[251,77,76],"product_tag":[408,172],"giftcard-category":[],"class_list":{"0":"post-4445","1":"product","2":"type-product","3":"status-publish","4":"has-post-thumbnail","6":"product_place-la-mora-tarragones","7":"product_place-tamarit-tarragones","8":"product_season-verano","9":"product_cat-grupos","10":"product_cat-mar-es","11":"product_cat-teambuilding-es","12":"product_tag-costa-daurada-es","13":"product_tag-paddle-surf-es","15":"first","16":"instock","17":"virtual","18":"sold-individually","19":"purchasable","20":"product-type-booking"},"exclude_global_add_ons":false,"addons":[{"name":"Duraci\u00f3n","type":"multiple_choice","position":0,"required":true,"title_format":"label","default":"","description_enable":false,"description":"","placeholder_enable":false,"placeholder":"","display":"select","restrictions_type":"any_text","adjust_price":false,"price":"","price_type":"flat_fee","restrictions":false,"min":"0","max":"0","options":[{"label":"3 horas","price":"","price_type":"flat_fee","image":0,"visibility":true},{"label":"6 horas. Incremento por persona:","price":"14","price_type":"quantity_based","image":0,"visibility":true}]},{"name":"Ubicaci\u00f3n","type":"multiple_choice","position":1,"required":true,"title_format":"label","default":"","description_enable":false,"description":"","placeholder_enable":false,"placeholder":"","display":"select","restrictions_type":"any_text","adjust_price":false,"price":"","price_type":"flat_fee","restrictions":false,"min":"0","max":"0","options":[{"label":"Tamarit","price":"","price_type":"flat_fee","image":0,"visibility":true},{"label":"La Mora","price":"","price_type":"flat_fee","image":0,"visibility":true}]},{"name":"Hora aproximada de inicio","type":"multiple_choice","position":2,"required":true,"title_format":"label","default":"","description_enable":false,"description":"","placeholder_enable":false,"placeholder":"","display":"select","restrictions_type":"any_text","adjust_price":false,"price":"","price_type":"flat_fee","restrictions":false,"min":"0","max":"0","options":[{"label":"09:00","price":"","price_type":"flat_fee","image":0,"visibility":true},{"label":"10:00","price":"","price_type":"flat_fee","image":0,"visibility":true},{"label":"11:00","price":"","price_type":"flat_fee","image":0,"visibility":true},{"label":"12:00","price":"","price_type":"flat_fee","image":0,"visibility":true},{"label":"13:00","price":"","price_type":"flat_fee","image":0,"visibility":true},{"label":"14:00","price":"","price_type":"flat_fee","image":0,"visibility":true},{"label":"15:00","price":"","price_type":"flat_fee","image":0,"visibility":true},{"label":"16:00","price":"","price_type":"flat_fee","image":0,"visibility":true},{"label":"17:00","price":"","price_type":"flat_fee","image":0,"visibility":true}]},{"name":"Menores de 6 a\u00f1os, gratis","type":"multiple_choice","position":3,"required":true,"title_format":"label","default":"","description_enable":true,"description":"Cada reserva de adulto autoriza a un menor gratuito.","placeholder_enable":false,"placeholder":"","display":"select","restrictions_type":"any_text","adjust_price":false,"price":"","price_type":"flat_fee","restrictions":false,"min":"0","max":"0","options":[{"label":"0","price":"","price_type":"flat_fee","image":0,"visibility":true},{"label":"1","price":"","price_type":"flat_fee","image":0,"visibility":true},{"label":"2","price":"","price_type":"flat_fee","image":0,"visibility":true},{"label":"3","price":"","price_type":"flat_fee","image":0,"visibility":true},{"label":"4","price":"","price_type":"flat_fee","image":0,"visibility":true},{"label":"5","price":"","price_type":"flat_fee","image":0,"visibility":true},{"label":"6","price":"","price_type":"flat_fee","image":0,"visibility":true}]}],"acf":[],"_links":{"self":[{"href":"https:\/\/www.esportec.cat\/es\/wp-json\/wp\/v2\/product\/4445","targetHints":{"allow":["GET"]}}],"collection":[{"href":"https:\/\/www.esportec.cat\/es\/wp-json\/wp\/v2\/product"}],"about":[{"href":"https:\/\/www.esportec.cat\/es\/wp-json\/wp\/v2\/types\/product"}],"wp:featuredmedia":[{"embeddable":true,"href":"https:\/\/www.esportec.cat\/es\/wp-json\/wp\/v2\/media\/4314"}],"wp:attachment":[{"href":"https:\/\/www.esportec.cat\/es\/wp-json\/wp\/v2\/media?parent=4445"}],"wp:term":[{"taxonomy":"product_place","embeddable":true,"href":"https:\/\/www.esportec.cat\/es\/wp-json\/wp\/v2\/product_place?post=4445"},{"taxonomy":"product_season","embeddable":true,"href":"https:\/\/www.esportec.cat\/es\/wp-json\/wp\/v2\/product_season?post=4445"},{"taxonomy":"product_brand","embeddable":true,"href":"https:\/\/www.esportec.cat\/es\/wp-json\/wp\/v2\/product_brand?post=4445"},{"taxonomy":"product_cat","embeddable":true,"href":"https:\/\/www.esportec.cat\/es\/wp-json\/wp\/v2\/product_cat?post=4445"},{"taxonomy":"product_tag","embeddable":true,"href":"https:\/\/www.esportec.cat\/es\/wp-json\/wp\/v2\/product_tag?post=4445"},{"taxonomy":"giftcard-category","embeddable":true,"href":"https:\/\/www.esportec.cat\/es\/wp-json\/wp\/v2\/giftcard-category?post=4445"}],"curies":[{"name":"wp","href":"https:\/\/api.w.org\/{rel}","templated":true}]}}