{"id":4443,"date":"2023-09-27T12:37:30","date_gmt":"2023-09-27T10:37:30","guid":{"rendered":"https:\/\/www.esportec.cat\/activitats\/ruta-guiada-salida-del-sol-en-paddle-surf\/"},"modified":"2024-08-27T15:29:13","modified_gmt":"2024-08-27T13:29:13","slug":"sunrise-paddle-surf-costa-daurada","status":"publish","type":"product","link":"https:\/\/www.esportec.cat\/es\/actividades\/sunrise-paddle-surf-costa-daurada\/","title":{"rendered":"Ruta guiada Salida del Sol en Paddle Surf"},"content":{"rendered":"<h3>\u00a1Ruta guiada Salida del Sol en Paddle Surf por la Costa Daurada!<\/h3>\n<p>Ver\u00e1s salir el sol en pleno equilibrio natural desde el lugar m\u00e1s privilegiado de la <a href=\"https:\/\/costadaurada.info\/\" target=\"_blank\" rel=\"noopener\">Costa Daurada,<\/a> junto al mar y con el paddle surf como medio.<\/p>\n<h3>\u00bfEn qu\u00e9 consiste la actividad?<\/h3>\n<p><strong>Esta actividad de mar consiste en una ruta guiada por la Costa Daurada en paddle surf para<\/strong><strong> observar la salida del sol<\/strong>.<\/p>\n<p>Con esta salida a primera hora de la ma\u00f1ana, cuando el mar permanece tranquilo, podremos vivir juntos momentos m\u00e1gicos e id\u00edlicos donde, viendo salir el sol, apreciaremos el placer de las peque\u00f1as cosas y descubriremos el encanto de la zona.<\/p>\n<p>Despu\u00e9s de un <strong>peque\u00f1o breafing <\/strong>en el que le daremos cuatro instrucciones de seguridad y sobre c\u00f3mo remar con la tabla de paddle surf, saldremos a navegar por las tranquilas aguas de la Costa Daurada.<\/p>\n<p>En verano, en oto\u00f1o o incluso en primavera, en las horas donde empieza o termina el d\u00eda es donde el mar suele estar m\u00e1s calmado. Un aut\u00e9ntico lujo.<\/p>\n<p>No nos adentraremos demasiado adentro sino que iremos recorriendo la l\u00ednea de la costa en direcci\u00f3n Tarragona.<\/p>\n<p>Veremos c\u00f3mo la orograf\u00eda de esta zona, muy erosionada por los efectos del mar, ha dejado entrever, entre sus paredes, <strong>un conjunto de cuevas<\/strong>. Peque\u00f1as cuevas donde nos adentraremos con nuestro paddle surf para encontrar ese momento perfecto para tomar la foto ideal de la salida del sol.<\/p>\n<p>Habiendo descansado y apreciado el momento, daremos media vuelta y volveremos hacia nuestro punto de inicio con una experiencia \u00fanica y especial en el bolsillo ya que el sol no sale nunca de la misma forma.<\/p>\n<p>\u00c9sta es pues una actividad relajante y m\u00edstica ideal para <strong>disfrutar con la pareja, con un grupo de amigos o en familia.<\/strong> Tambi\u00e9n para fortalecer v\u00ednculos con sus compa\u00f1eros de trabajo como <strong>actividad de teambuilding<\/strong>. Con la seguridad y garant\u00eda de estar siempre acompa\u00f1ados de un t\u00e9cnico deportivo conocedor de la zona.<\/p>\n<p>Os aconsejamos llevar vuestra c\u00e1mara de fotos y tomar las medidas necesarias para que no se moje. Nosotros os daremos algunos consejos.<\/p>\n<p>\u00a1Ya ver\u00e9is que saldr\u00e1n fotos espectaculares!<\/p>\n<h3>\u00bfD\u00f3nde?<\/h3>\n<ul>\n<li><strong>LA MORA<\/strong>: Platja de La Mora S\/N (Tarragona)<\/li>\n<li><strong>TAMARIT<\/strong>: Platja de Tamarit S\/N (Tarragona)<\/li>\n<\/ul>\n<h3><\/h3>\n<h3>\u00bfAlgo de inspiraci\u00f3n?<\/h3>\n<p><iframe loading=\"lazy\" title=\"PADDLE SURF\" width=\"500\" height=\"281\" src=\"https:\/\/www.youtube.com\/embed\/TkVloJ9BaiQ?feature=oembed&#038;enablejsapi=1&#038;origin=https:\/\/www.esportec.cat\" frameborder=\"0\" allow=\"accelerometer; autoplay; clipboard-write; encrypted-media; gyroscope; picture-in-picture; web-share\" referrerpolicy=\"strict-origin-when-cross-origin\" allowfullscreen><\/iframe><\/p>\n","protected":false},"excerpt":{"rendered":"<p>\u00a1Ruta guiada Salida del Sol en Paddle Surf por la Costa Daurada!<br \/>\nVer\u00e1s salir el sol en pleno equilibrio nat&#8230;<\/p>\n","protected":false},"featured_media":854,"template":"","meta":{"_acf_changed":false},"product_place":[163,167],"product_season":[148],"product_brand":[],"product_cat":[79,251,77,76],"product_tag":[408,172],"giftcard-category":[],"class_list":{"0":"post-4443","1":"product","2":"type-product","3":"status-publish","4":"has-post-thumbnail","6":"product_place-la-mora-tarragones","7":"product_place-tamarit-tarragones","8":"product_season-verano","9":"product_cat-en-familia-es","10":"product_cat-grupos","11":"product_cat-mar-es","12":"product_cat-teambuilding-es","13":"product_tag-costa-daurada-es","14":"product_tag-paddle-surf-es","16":"first","17":"instock","18":"virtual","19":"sold-individually","20":"purchasable","21":"product-type-booking"},"exclude_global_add_ons":false,"addons":[{"name":"Ubicaci\u00f3n","type":"multiple_choice","position":0,"required":true,"title_format":"label","default":"","description_enable":false,"description":"","placeholder_enable":false,"placeholder":"","display":"select","restrictions_type":"any_text","adjust_price":false,"price":"","price_type":"flat_fee","restrictions":false,"min":"0","max":"0","options":[{"label":"Tamarit","price":"","price_type":"flat_fee","image":0,"visibility":true},{"label":"La Mora","price":"","price_type":"flat_fee","image":0,"visibility":true}]},{"name":"N\u00famero de ni\u00f1os menores de 6 a\u00f1os \u2013 gratuito.","type":"multiple_choice","position":1,"required":true,"title_format":"label","default":"","description_enable":true,"description":"Cada reserva de adulto autoriza a un menor gratuito.","placeholder_enable":false,"placeholder":"","display":"select","restrictions_type":"any_text","adjust_price":false,"price":"","price_type":"flat_fee","restrictions":false,"min":"0","max":"0","options":[{"label":"0","price":"","price_type":"flat_fee","image":0,"visibility":true},{"label":"1","price":"","price_type":"flat_fee","image":0,"visibility":true},{"label":"2","price":"","price_type":"flat_fee","image":0,"visibility":true},{"label":"3","price":"","price_type":"flat_fee","image":0,"visibility":true},{"label":"4","price":"","price_type":"flat_fee","image":0,"visibility":true},{"label":"5","price":"","price_type":"flat_fee","image":0,"visibility":true},{"label":"6","price":"","price_type":"flat_fee","image":0,"visibility":true}]}],"acf":[],"_links":{"self":[{"href":"https:\/\/www.esportec.cat\/es\/wp-json\/wp\/v2\/product\/4443","targetHints":{"allow":["GET"]}}],"collection":[{"href":"https:\/\/www.esportec.cat\/es\/wp-json\/wp\/v2\/product"}],"about":[{"href":"https:\/\/www.esportec.cat\/es\/wp-json\/wp\/v2\/types\/product"}],"wp:featuredmedia":[{"embeddable":true,"href":"https:\/\/www.esportec.cat\/es\/wp-json\/wp\/v2\/media\/854"}],"wp:attachment":[{"href":"https:\/\/www.esportec.cat\/es\/wp-json\/wp\/v2\/media?parent=4443"}],"wp:term":[{"taxonomy":"product_place","embeddable":true,"href":"https:\/\/www.esportec.cat\/es\/wp-json\/wp\/v2\/product_place?post=4443"},{"taxonomy":"product_season","embeddable":true,"href":"https:\/\/www.esportec.cat\/es\/wp-json\/wp\/v2\/product_season?post=4443"},{"taxonomy":"product_brand","embeddable":true,"href":"https:\/\/www.esportec.cat\/es\/wp-json\/wp\/v2\/product_brand?post=4443"},{"taxonomy":"product_cat","embeddable":true,"href":"https:\/\/www.esportec.cat\/es\/wp-json\/wp\/v2\/product_cat?post=4443"},{"taxonomy":"product_tag","embeddable":true,"href":"https:\/\/www.esportec.cat\/es\/wp-json\/wp\/v2\/product_tag?post=4443"},{"taxonomy":"giftcard-category","embeddable":true,"href":"https:\/\/www.esportec.cat\/es\/wp-json\/wp\/v2\/giftcard-category?post=4443"}],"curies":[{"name":"wp","href":"https:\/\/api.w.org\/{rel}","templated":true}]}}