{"id":13829,"date":"2025-09-25T12:00:00","date_gmt":"2025-09-25T10:00:00","guid":{"rendered":"https:\/\/www.esportec.cat\/activitats\/institut-mila-i-fontanals-del-4-al-6-de-marc-2026-la-cerdanya\/"},"modified":"2025-09-29T12:13:16","modified_gmt":"2025-09-29T10:13:16","slug":"institut-mila-i-fontanals-del-4-al-6-de-marc-2026-la-cerdanya","status":"publish","type":"product","link":"https:\/\/www.esportec.cat\/es\/actividades\/institut-mila-i-fontanals-del-4-al-6-de-marc-2026-la-cerdanya\/","title":{"rendered":"INSTITUTO MILA Y FONTANALS DEL 4 AL 6 DE MARZO DE 2026 A LA CERDANYA"},"content":{"rendered":"","protected":true},"excerpt":{"rendered":"","protected":true},"featured_media":13658,"template":"","meta":{"_acf_changed":false},"product_place":[],"product_season":[],"product_brand":[],"product_cat":[252],"product_tag":[],"giftcard-category":[],"class_list":{"0":"post-13829","1":"product","2":"type-product","3":"status-publish","4":"post-password-required","6":"product_cat-sin-categoria","8":"first","9":"instock","10":"virtual","11":"product-type-step_pay"},"exclude_global_add_ons":false,"addons":[{"name":"<br>Nombre y apellidos del alumno","type":"custom_text","position":0,"required":true,"title_format":"label","default":"","description_enable":false,"description":null,"placeholder_enable":false,"placeholder":null,"display":"select","restrictions_type":"any_text","adjust_price":false,"price":"","price_type":"flat_fee","restrictions":false,"min":"0","max":"0","options":[],"id":1757682687},{"name":"Curso","type":"custom_text","position":1,"required":true,"title_format":"label","default":"","description_enable":false,"description":null,"placeholder_enable":false,"placeholder":null,"display":"select","restrictions_type":"any_text","adjust_price":false,"price":"","price_type":"flat_fee","restrictions":false,"min":"0","max":"0","options":[],"id":1758805071},{"name":"DNI \/ NIE del alumno","type":"custom_text","position":2,"required":true,"title_format":"label","default":"","description_enable":false,"description":null,"placeholder_enable":false,"placeholder":null,"display":"select","restrictions_type":"any_text","adjust_price":false,"price":"","price_type":"flat_fee","restrictions":false,"min":"0","max":"0","options":[],"id":1757682688},{"name":"Fecha de nacimiento del alumno","type":"datepicker","position":3,"required":true,"title_format":"label","default":"","description_enable":false,"description":null,"placeholder_enable":false,"placeholder":null,"display":"select","restrictions_type":"any_text","adjust_price":false,"price":"","price_type":"flat_fee","restrictions":false,"min":"0","max":"0","options":[],"id":1757690320},{"name":"Alergias y\/o intolerancias","type":"custom_text","position":4,"required":false,"title_format":"label","default":"","description_enable":false,"description":null,"placeholder_enable":false,"placeholder":null,"display":"select","restrictions_type":"any_text","adjust_price":false,"price":"","price_type":"flat_fee","restrictions":false,"min":"0","max":"0","options":[],"id":1757682690},{"name":"Men\u00fa especial","type":"custom_text","position":5,"required":false,"title_format":"label","default":"","description_enable":false,"description":null,"placeholder_enable":true,"placeholder":"Ejemplo: dieta halal, vegetariano, vegano\u2026","display":"select","restrictions_type":"any_text","adjust_price":false,"price":"","price_type":"flat_fee","restrictions":false,"min":"0","max":"0","options":[],"id":1757682691},{"name":"Malalties a tenir en compte","type":"custom_text","position":6,"required":false,"title_format":"label","default":"","description_enable":false,"description":null,"placeholder_enable":false,"placeholder":null,"display":"select","restrictions_type":"any_text","adjust_price":false,"price":"","price_type":"flat_fee","restrictions":false,"min":"0","max":"0","options":[],"id":1757682692},{"name":"NEE \u2013 Necesidades Educativas Especiales","type":"custom_text","position":7,"required":false,"title_format":"label","default":"","description_enable":false,"description":null,"placeholder_enable":false,"placeholder":null,"display":"select","restrictions_type":"any_text","adjust_price":false,"price":"","price_type":"flat_fee","restrictions":false,"min":"0","max":"0","options":[],"id":1757682693},{"name":"Otras necesidades","type":"custom_text","position":8,"required":false,"title_format":"label","default":"","description_enable":false,"description":null,"placeholder_enable":false,"placeholder":null,"display":"select","restrictions_type":"any_text","adjust_price":false,"price":"","price_type":"flat_fee","restrictions":false,"min":"0","max":"0","options":[],"id":1757682694},{"name":"Peso (kg)","type":"custom_text","position":9,"required":true,"title_format":"label","default":"","description_enable":false,"description":null,"placeholder_enable":true,"placeholder":"Sin decimales","display":"select","restrictions_type":"only_numbers","adjust_price":false,"price":"","price_type":"flat_fee","restrictions":false,"min":"0","max":"0","options":[],"id":1757682695},{"name":"Altura (cm)","type":"custom_text","position":10,"required":true,"title_format":"label","default":"","description_enable":false,"description":null,"placeholder_enable":true,"placeholder":"Sin decimales","display":"select","restrictions_type":"only_numbers","adjust_price":false,"price":"","price_type":"flat_fee","restrictions":false,"min":"0","max":"0","options":[],"id":1757682696},{"name":"N\u00famero de pie","type":"custom_text","position":11,"required":true,"title_format":"label","default":"","description_enable":false,"description":null,"placeholder_enable":false,"placeholder":null,"display":"select","restrictions_type":"only_numbers","adjust_price":false,"price":"","price_type":"flat_fee","restrictions":false,"min":"0","max":"0","options":[],"id":1757682697},{"name":"Modalidad nieve","type":"multiple_choice","position":12,"required":true,"title_format":"label","default":"","description_enable":true,"description":"Si elige la opci\u00f3n de snowboard, hay un suplemento de 20 \u20ac\/d\u00eda (para 3 d\u00edas) y es necesario un grupo m\u00ednimo de 8 alumnos de nivel similar. \nSi no se alcanza el m\u00ednimo, se reembolsar\u00e1 el importe y el alumno\/a realizar\u00e1 esqu\u00ed.","placeholder_enable":false,"placeholder":null,"display":"radiobutton","restrictions_type":"any_text","adjust_price":false,"price":"","price_type":"flat_fee","restrictions":false,"min":"0","max":"0","options":[{"label":"Esqu\u00ed","price":"","price_type":"flat_fee","image":0,"visibility":true},{"label":"Snowboard","price":"60","price_type":"flat_fee","image":0,"visibility":true}],"id":1757682698},{"name":"Nivel de pr\u00e1ctica","type":"multiple_choice","position":13,"required":true,"title_format":"label","default":"","description_enable":false,"description":null,"placeholder_enable":false,"placeholder":null,"display":"radiobutton","restrictions_type":"any_text","adjust_price":false,"price":"","price_type":"flat_fee","restrictions":false,"min":"0","max":"0","options":[{"label":"Debutante","price":"","price_type":"flat_fee","image":0,"visibility":true},{"label":"Iniciado","price":"","price_type":"flat_fee","image":0,"visibility":true},{"label":"Experto","price":"","price_type":"flat_fee","image":0,"visibility":true}],"id":1757682699},{"name":"Cesi\u00f3n de derechos de imagen","type":"multiple_choice","position":14,"required":true,"title_format":"label","default":"","description_enable":true,"description":"<a href=\"https:\/\/www.esportec.cat\/wp-content\/uploads\/2025\/09\/CESSIO-DRETS-DIMATGE-WEB-ESCOLARS.pdf\" target=\"_blank\">Cesi\u00f3n de derechos de imagen<\/a>","placeholder_enable":false,"placeholder":null,"display":"radiobutton","restrictions_type":"any_text","adjust_price":false,"price":"","price_type":"flat_fee","restrictions":false,"min":"0","max":"0","options":[{"label":"S\u00ed autorizo","price":"","price_type":"flat_fee","image":0,"visibility":true},{"label":"No autorizo","price":"","price_type":"flat_fee","image":0,"visibility":true}],"id":1757682700},{"name":"Anul\u00b7lacions","type":"checkbox","position":15,"required":true,"title_format":"label","default":"","description_enable":true,"description":"<a href=\"https:\/\/www.esportec.cat\/wp-content\/uploads\/2025\/09\/ASSEGURANCA-I-POLITICA-DE-CANCEL%C2%B7LACIO-WEB-ESCOLARS.pdf\" target=\"_blank\">Consulta aqu\u00ed la pol\u00edtica de cancelaci\u00f3n<\/a>","placeholder_enable":false,"placeholder":null,"display":"select","restrictions_type":"any_text","adjust_price":false,"price":"","price_type":"flat_fee","restrictions":false,"min":"0","max":"0","options":[{"label":"He le\u00eddo y acepto la pol\u00edtica de cancelaci\u00f3n","price":"","price_type":"flat_fee","image":0,"visibility":true}],"id":1757682701}],"acf":[],"_links":{"self":[{"href":"https:\/\/www.esportec.cat\/es\/wp-json\/wp\/v2\/product\/13829","targetHints":{"allow":["GET"]}}],"collection":[{"href":"https:\/\/www.esportec.cat\/es\/wp-json\/wp\/v2\/product"}],"about":[{"href":"https:\/\/www.esportec.cat\/es\/wp-json\/wp\/v2\/types\/product"}],"wp:featuredmedia":[{"embeddable":true,"href":"https:\/\/www.esportec.cat\/es\/wp-json\/wp\/v2\/media\/13658"}],"wp:attachment":[{"href":"https:\/\/www.esportec.cat\/es\/wp-json\/wp\/v2\/media?parent=13829"}],"wp:term":[{"taxonomy":"product_place","embeddable":true,"href":"https:\/\/www.esportec.cat\/es\/wp-json\/wp\/v2\/product_place?post=13829"},{"taxonomy":"product_season","embeddable":true,"href":"https:\/\/www.esportec.cat\/es\/wp-json\/wp\/v2\/product_season?post=13829"},{"taxonomy":"product_brand","embeddable":true,"href":"https:\/\/www.esportec.cat\/es\/wp-json\/wp\/v2\/product_brand?post=13829"},{"taxonomy":"product_cat","embeddable":true,"href":"https:\/\/www.esportec.cat\/es\/wp-json\/wp\/v2\/product_cat?post=13829"},{"taxonomy":"product_tag","embeddable":true,"href":"https:\/\/www.esportec.cat\/es\/wp-json\/wp\/v2\/product_tag?post=13829"},{"taxonomy":"giftcard-category","embeddable":true,"href":"https:\/\/www.esportec.cat\/es\/wp-json\/wp\/v2\/giftcard-category?post=13829"}],"curies":[{"name":"wp","href":"https:\/\/api.w.org\/{rel}","templated":true}]}}