{"id":11580,"date":"2025-05-14T16:54:34","date_gmt":"2025-05-14T14:54:34","guid":{"rendered":"https:\/\/www.esportec.cat\/?post_type=product&#038;p=11580"},"modified":"2025-07-29T10:44:28","modified_gmt":"2025-07-29T08:44:28","slug":"alquiler-hidropedal-llosa","status":"publish","type":"product","link":"https:\/\/www.esportec.cat\/es\/actividades\/alquiler-hidropedal-llosa\/","title":{"rendered":"Alquiler de hidropedal en La Llosa del Cavall"},"content":{"rendered":"<h4>Disfruta de una <strong>actividad divertida y apta para todas las edades<\/strong> con el <strong>alquiler de hidropedal en La Llosa del Cavall<\/strong>, uno de los destinos m\u00e1s espectaculares para deportes acu\u00e1ticos. <strong>Ad\u00e9ntrate en un paisaje fascinante<\/strong> y divi\u00e9rtete con amigos o en familia, con total seguridad y tranquilidad.<\/h4>\n<p>&nbsp;<\/p>\n<p>Descubre el embalse de <a href=\"https:\/\/lavalldelord.com\/es\/punt\/embassament-de-la-llosa-del-cavall\/\" target=\"_blank\" rel=\"noopener\"><strong>La Llosa del Cavall<\/strong><\/a> con el hidropedal, donde <strong>peque\u00f1os y grandes<\/strong> se lo pasar\u00e1n en grande <strong>refresc\u00e1ndose y desliz\u00e1ndose por el tobog\u00e1n<\/strong>.<\/p>\n<p>&nbsp;<\/p>\n<h2><strong>Una actividad para todos<\/strong><\/h2>\n<p>El <strong>alquiler de hidropedal o patinete acu\u00e1tico<\/strong> es mucho m\u00e1s que una actividad acu\u00e1tica: es una experiencia <strong>perfecta para disfrutar del agua sin esfuerzo y con total estabilidad<\/strong>, ideal para todas las edades.<\/p>\n<p>A diferencia de otros deportes acu\u00e1ticos, el <strong>hidropedal<\/strong> ofrece una manera <strong>segura y accesible de navegar<\/strong>, sin necesidad de experiencia previa. Permite desplazarse por el agua c\u00f3modamente, disfrutando del paisaje, el buen tiempo y la compa\u00f1\u00eda.<\/p>\n<p>Gracias a su <strong>dise\u00f1o estable<\/strong>, es perfecto para <strong>familias con ni\u00f1os, grupos de amigos o parejas<\/strong> que quieren relajarse mientras exploran el entorno natural. Adem\u00e1s, es una <strong>gran alternativa para desconectar<\/strong>, ya que se puede disfrutar al ritmo de cada persona.<\/p>\n<p>&nbsp;<\/p>\n<h2><strong>\u00bfC\u00f3mo se puede disfrutar?<\/strong><\/h2>\n<p>El <strong>alquiler de hidropedal<\/strong> es una <strong>actividad ideal para familias<\/strong>, ya que los m\u00e1s peque\u00f1os pueden refrescarse, jugar y deslizarse por el <strong>tobog\u00e1n sin preocuparse por el equilibrio<\/strong>, todo con la seguridad de llevar un chaleco salvavidas.<\/p>\n<p>Si vienes con amigos, puedes disfrutar de una jornada llena de diversi\u00f3n, haciendo juegos en el agua, compartiendo risas o simplemente relaj\u00e1ndote mientras contemplas el paisaje.<\/p>\n<p>El <strong>hidropedal es una opci\u00f3n segura, c\u00f3moda y accesible para todos<\/strong>, perfecta para divertirse y relajarse mientras navegas por aguas tranquilas en un entorno natural espectacular.<\/p>\n<p>&nbsp;<\/p>\n<h2><strong>Dificultad de la actividad<\/strong><\/h2>\n<ul>\n<li>Apta para <strong>ni\u00f1os a partir de 4 a\u00f1os<\/strong>, acompa\u00f1ados de un adulto.<\/li>\n<li>El <strong>hidropedal es completamente seguro<\/strong>, y te daremos las <strong>nociones b\u00e1sicas sobre su funcionamiento<\/strong>, por lo que <strong>no se necesita experiencia previa<\/strong> para disfrutarlo. Es imprescindible que un adulto supervise a los m\u00e1s peque\u00f1os en todo momento.<\/li>\n<\/ul>\n<p>&nbsp;<\/p>\n<h2><strong>\u00bfD\u00f3nde estamos?<\/strong><\/h2>\n<p>Ubicado a menos de <strong>150 kil\u00f3metros de Barcelona<\/strong>, a unos <strong>30 km de Berga<\/strong> y <strong>43 km de Solsona<\/strong>, el <strong>embalse de La Llosa del Cavall<\/strong> se encuentra en la conocida <strong>Vall de Lord<\/strong>, dentro de la comarca del <strong>Solson\u00e8s<\/strong>. El embalse y su entorno son <strong>uno de los mejores rincones de la zona<\/strong> para disfrutar de <strong>una gran variedad de actividades al aire libre<\/strong>.<\/p>\n<p>&nbsp;<\/p>\n<p><img loading=\"lazy\" decoding=\"async\" class=\"alignnone wp-image-12711 size-medium\" src=\"https:\/\/www.esportec.cat\/wp-content\/uploads\/2025\/07\/Com-arribar-600x435.jpeg\" alt=\"\" width=\"600\" height=\"435\" srcset=\"https:\/\/www.esportec.cat\/wp-content\/uploads\/2025\/07\/Com-arribar-600x435.jpeg 600w, https:\/\/www.esportec.cat\/wp-content\/uploads\/2025\/07\/Com-arribar-1024x742.jpeg 1024w, https:\/\/www.esportec.cat\/wp-content\/uploads\/2025\/07\/Com-arribar-768x556.jpeg 768w, https:\/\/www.esportec.cat\/wp-content\/uploads\/2025\/07\/Com-arribar-1536x1113.jpeg 1536w, https:\/\/www.esportec.cat\/wp-content\/uploads\/2025\/07\/Com-arribar.jpeg 1600w\" sizes=\"auto, (max-width: 600px) 100vw, 600px\" \/><\/p>\n<p>&nbsp;<\/p>\n<p>\ud83d\udccd <a href=\"https:\/\/maps.app.goo.gl\/zPBJ6iYpEk4H7xNm9\" target=\"_blank\" rel=\"noopener\"><strong>C-462 \u2013 Km 20,8, 25282 Sant Lloren\u00e7 de Morunys, Lleida<\/strong> <\/a><\/p>\n<p>\u2705 Acceso adaptado para personas con discapacidad<\/p>\n<p>\ud83d\udcde T. 623 764 990<\/p>\n<p>\ud83d\udce7 info@llosadelcavall.cat<\/p>\n","protected":false},"excerpt":{"rendered":"<p>Disfruta de una actividad divertida y apta para todas las edades con el alquiler de hidropedal en La Llosa del&#8230;<\/p>\n","protected":false},"featured_media":11585,"template":"","meta":{"_acf_changed":false},"product_place":[532],"product_season":[148],"product_brand":[],"product_cat":[78,79,251,76],"product_tag":[],"giftcard-category":[],"class_list":{"0":"post-11580","1":"product","2":"type-product","3":"status-publish","4":"has-post-thumbnail","6":"product_place-la-llosa-del-cavall-solsones","7":"product_season-verano","8":"product_cat-aventura-es","9":"product_cat-en-familia-es","10":"product_cat-grupos","11":"product_cat-teambuilding-es","13":"first","14":"outofstock","15":"virtual","16":"purchasable","17":"product-type-simple"},"exclude_global_add_ons":[],"addons":[],"acf":[],"_links":{"self":[{"href":"https:\/\/www.esportec.cat\/es\/wp-json\/wp\/v2\/product\/11580","targetHints":{"allow":["GET"]}}],"collection":[{"href":"https:\/\/www.esportec.cat\/es\/wp-json\/wp\/v2\/product"}],"about":[{"href":"https:\/\/www.esportec.cat\/es\/wp-json\/wp\/v2\/types\/product"}],"wp:featuredmedia":[{"embeddable":true,"href":"https:\/\/www.esportec.cat\/es\/wp-json\/wp\/v2\/media\/11585"}],"wp:attachment":[{"href":"https:\/\/www.esportec.cat\/es\/wp-json\/wp\/v2\/media?parent=11580"}],"wp:term":[{"taxonomy":"product_place","embeddable":true,"href":"https:\/\/www.esportec.cat\/es\/wp-json\/wp\/v2\/product_place?post=11580"},{"taxonomy":"product_season","embeddable":true,"href":"https:\/\/www.esportec.cat\/es\/wp-json\/wp\/v2\/product_season?post=11580"},{"taxonomy":"product_brand","embeddable":true,"href":"https:\/\/www.esportec.cat\/es\/wp-json\/wp\/v2\/product_brand?post=11580"},{"taxonomy":"product_cat","embeddable":true,"href":"https:\/\/www.esportec.cat\/es\/wp-json\/wp\/v2\/product_cat?post=11580"},{"taxonomy":"product_tag","embeddable":true,"href":"https:\/\/www.esportec.cat\/es\/wp-json\/wp\/v2\/product_tag?post=11580"},{"taxonomy":"giftcard-category","embeddable":true,"href":"https:\/\/www.esportec.cat\/es\/wp-json\/wp\/v2\/giftcard-category?post=11580"}],"curies":[{"name":"wp","href":"https:\/\/api.w.org\/{rel}","templated":true}]}}