{"id":3809,"date":"2023-07-20T11:25:28","date_gmt":"2023-07-20T09:25:28","guid":{"rendered":"https:\/\/www.esportec.cat\/politica-de-privacitat\/"},"modified":"2023-11-27T13:36:23","modified_gmt":"2023-11-27T12:36:23","slug":"politica-de-privacidad","status":"publish","type":"page","link":"https:\/\/www.esportec.cat\/es\/politica-de-privacidad\/","title":{"rendered":"Pol\u00edtica de privacidad"},"content":{"rendered":"\n<div class=\"wp-block-group alignfull has-white-background-color has-background is-layout-constrained wp-block-group-is-layout-constrained\">\n<div class=\"wp-block-columns alignwide is-layout-flex wp-container-core-columns-is-layout-9d6595d7 wp-block-columns-is-layout-flex\">\n<div class=\"wp-block-column is-layout-flow wp-block-column-is-layout-flow\">\n<h1 class=\"wp-block-heading has-vivid-cyan-blue-color has-text-color has-xxxl-font-size\">Pol\u00edtica de privacidad<\/h1>\n\n\n\n<p>A efectos de lo dispuesto en la normativa vigente relativa a la protecci\u00f3n de datos de car\u00e1cter personal, EL TITULAR DE LA WEB informa que los datos personales que nos pudiera facilitar durante la navegaci\u00f3n por nuestro sitio web ser\u00e1n incorporados a un tratamiento de datos de responsabilidad de EL TITULAR DE LA WEB, con el \u00fanico fin de poder gestionar su petici\u00f3n. <br><br>S\u00f3lo en caso de que el usuario haya dado su consentimiento expreso, EL TITULAR DE LA WEB le enviar\u00e1 informaci\u00f3n; t\u00e9cnica, operativa y comercial, por cualquier medio, incluido el correo electr\u00f3nico y\/o medio equivalente, sobre productos, servicios, ofertas y novedades que consideremos de inter\u00e9s por el usuario. <br><br>EL TITULAR DE LA WEB se compromete al cumplimiento de su obligaci\u00f3n de secreto de los datos de car\u00e1cter personal y de su deber de guardar y adoptar\u00e1 las medidas necesarias para evitar su alteraci\u00f3n, p\u00e9rdida, tratamiento o acceso no autorizado, teniendo en cuenta en todo momento el estado de la tecnolog\u00eda, cumpliendo con las medidas de seguridad t\u00e9cnicas y organizativas. <br><br>Por \u00faltimo, le informamos sobre la posibilidad de ejercer los derechos de acceso, rectificaci\u00f3n, cancelaci\u00f3n y oposici\u00f3n mediante formulario dirigido al administrador del sistema.<\/p>\n<\/div>\n<\/div>\n<\/div>\n","protected":false},"excerpt":{"rendered":"<p>Pol\u00edtica de privacidad<\/p>\n<p>A efectos de lo dispuesto en la normativa vigente relativa a la protecci\u00f3n de dato&#8230;<\/p>\n","protected":false},"author":1,"featured_media":0,"parent":0,"menu_order":0,"comment_status":"closed","ping_status":"closed","template":"","meta":{"_acf_changed":false,"footnotes":""},"class_list":["post-3809","page","type-page","status-publish","hentry"],"acf":[],"_links":{"self":[{"href":"https:\/\/www.esportec.cat\/es\/wp-json\/wp\/v2\/pages\/3809","targetHints":{"allow":["GET"]}}],"collection":[{"href":"https:\/\/www.esportec.cat\/es\/wp-json\/wp\/v2\/pages"}],"about":[{"href":"https:\/\/www.esportec.cat\/es\/wp-json\/wp\/v2\/types\/page"}],"author":[{"embeddable":true,"href":"https:\/\/www.esportec.cat\/es\/wp-json\/wp\/v2\/users\/1"}],"replies":[{"embeddable":true,"href":"https:\/\/www.esportec.cat\/es\/wp-json\/wp\/v2\/comments?post=3809"}],"version-history":[{"count":4,"href":"https:\/\/www.esportec.cat\/es\/wp-json\/wp\/v2\/pages\/3809\/revisions"}],"predecessor-version":[{"id":4291,"href":"https:\/\/www.esportec.cat\/es\/wp-json\/wp\/v2\/pages\/3809\/revisions\/4291"}],"wp:attachment":[{"href":"https:\/\/www.esportec.cat\/es\/wp-json\/wp\/v2\/media?parent=3809"}],"curies":[{"name":"wp","href":"https:\/\/api.w.org\/{rel}","templated":true}]}}