{"id":3808,"date":"2023-11-25T02:00:47","date_gmt":"2023-11-25T01:00:47","guid":{"rendered":"https:\/\/www.esportec.cat\/?page_id=3808"},"modified":"2023-11-27T10:48:01","modified_gmt":"2023-11-27T09:48:01","slug":"politica-de-reservas","status":"publish","type":"page","link":"https:\/\/www.esportec.cat\/es\/politica-de-reservas\/","title":{"rendered":"Pol\u00edtica de reservas"},"content":{"rendered":"\n<div class=\"wp-block-group alignfull has-white-color has-secondary-background-color has-text-color has-background has-link-color wp-elements-4a4b931674c0997a7e467ad61dfcb902 is-layout-constrained wp-block-group-is-layout-constrained\">\n<div class=\"wp-block-columns alignwide is-layout-flex wp-container-core-columns-is-layout-9d6595d7 wp-block-columns-is-layout-flex\">\n<div class=\"wp-block-column is-layout-flow wp-block-column-is-layout-flow\">\n<h2 class=\"wp-block-heading has-white-color has-text-color\">Pol\u00edtica de reservas y cancelaciones<\/h2>\n\n\n\n<ul class=\"wp-block-list\">\n<li>Una vez hecha la reserva nos pondremos en contacto con usted por tel\u00e9fono para acabar de darle las indicaciones que hagan falta y resolver sus dudas. Tambi\u00e9n nos puede llamar, escribir por email o por WhatsApp. Adaptaremos todas las actividades a sus necesidades sin ning\u00fan problema.<\/li>\n\n\n\n<li>Todos los precios est\u00e1n sujetos a cambios sin previo aviso.<\/li>\n\n\n\n<li>Si la reserva se realiza a trav\u00e9s de un tercero (agencia de viajes, \u2026) es imprescindible presentar el comprobante en la recepci\u00f3n del centro de actividades.<\/li>\n\n\n\n<li>Para optar al abono de una actividad es necesario notificar la anulaci\u00f3n por escrito como m\u00ednimo con 48 horas de antelaci\u00f3n. Cualquier notificaci\u00f3n posterior no dar\u00e1 derecho a reembolso.<\/li>\n\n\n\n<li>No se realizar\u00e1n devoluciones en caso de no presentarse a la actividad.<\/li>\n\n\n\n<li>Exclusivo Actividades de Mar Aventura y Espai Aventura: Una vez comenzada la actividad DEPORTEC se reserva el derecho de detenerla si as\u00ed lo cree oportuno por mal tiempo o mala mar sin reembolso posible.<\/li>\n\n\n\n<li>Exclusivo Actividades de Mar Aventura: Los menores de edad tendr\u00e1n que ir siempre acompa\u00f1ados de un mayor de edad.<\/li>\n\n\n\n<li>Exclusivo Actividades Espai Aventura: La edad m\u00ednima para llevar a cabo las actividades es de 6 a\u00f1os.<\/li>\n\n\n\n<li>Exclusivo Actividades Espai Aventura: A trav\u00e9s de venta online es necesario comprarlas con 48h de antelaci\u00f3n.<\/li>\n\n\n\n<li>Exclusivo Actividades Ecorutes Segway: La edad m\u00ednima para realizar las actividades es de 6 a\u00f1os. El peso debe estar comprendido entre los 40 y los 120 Kgs.<\/li>\n<\/ul>\n\n\n\n<div style=\"height:10px\" aria-hidden=\"true\" class=\"wp-block-spacer\"><\/div>\n<\/div>\n<\/div>\n<\/div>\n","protected":false},"excerpt":{"rendered":"<p>Pol\u00edtica de reservas y cancelaciones<\/p>\n<p>Una vez hecha la reserva nos pondremos en contacto con usted por tel&#8230;<\/p>\n","protected":false},"author":1,"featured_media":0,"parent":0,"menu_order":0,"comment_status":"closed","ping_status":"closed","template":"","meta":{"_acf_changed":false,"footnotes":""},"class_list":["post-3808","page","type-page","status-publish","hentry"],"acf":[],"_links":{"self":[{"href":"https:\/\/www.esportec.cat\/es\/wp-json\/wp\/v2\/pages\/3808","targetHints":{"allow":["GET"]}}],"collection":[{"href":"https:\/\/www.esportec.cat\/es\/wp-json\/wp\/v2\/pages"}],"about":[{"href":"https:\/\/www.esportec.cat\/es\/wp-json\/wp\/v2\/types\/page"}],"author":[{"embeddable":true,"href":"https:\/\/www.esportec.cat\/es\/wp-json\/wp\/v2\/users\/1"}],"replies":[{"embeddable":true,"href":"https:\/\/www.esportec.cat\/es\/wp-json\/wp\/v2\/comments?post=3808"}],"version-history":[{"count":5,"href":"https:\/\/www.esportec.cat\/es\/wp-json\/wp\/v2\/pages\/3808\/revisions"}],"predecessor-version":[{"id":4242,"href":"https:\/\/www.esportec.cat\/es\/wp-json\/wp\/v2\/pages\/3808\/revisions\/4242"}],"wp:attachment":[{"href":"https:\/\/www.esportec.cat\/es\/wp-json\/wp\/v2\/media?parent=3808"}],"curies":[{"name":"wp","href":"https:\/\/api.w.org\/{rel}","templated":true}]}}