{"id":3790,"date":"2023-11-21T19:26:43","date_gmt":"2023-11-21T18:26:43","guid":{"rendered":"https:\/\/www.esportec.cat\/avis-legal\/"},"modified":"2023-11-25T01:13:28","modified_gmt":"2023-11-25T00:13:28","slug":"aviso-legal","status":"publish","type":"page","link":"https:\/\/www.esportec.cat\/es\/aviso-legal\/","title":{"rendered":"Aviso legal"},"content":{"rendered":"\n<div class=\"wp-block-group alignfull has-white-background-color has-background is-layout-constrained wp-block-group-is-layout-constrained\">\n<div class=\"wp-block-columns alignwide is-layout-flex wp-container-core-columns-is-layout-9d6595d7 wp-block-columns-is-layout-flex\">\n<div class=\"wp-block-column is-layout-flow wp-block-column-is-layout-flow\">\n<h1 class=\"wp-block-heading has-vivid-cyan-blue-color has-text-color has-xxxl-font-size\">Aviso legal<\/h1>\n\n\n\n<h2 class=\"wp-block-heading has-semiregular-font-size\" style=\"font-style:normal;font-weight:700\">IDENTIDAD DEL TITULAR DEL SITIO WEB<\/h2>\n\n\n\n<p>Nombre comercial: Esportec Outdoor Sport, S.L.<\/p>\n\n\n\n<p>Denominaci\u00f3n social: Esportec Outdoor Sport, S.L. (desde ahora EL TITULAR DE LA WEB)<\/p>\n\n\n\n<p>NIF:B-17933508<\/p>\n\n\n\n<p>Direcci\u00f3n: Carretera De Puigd\u00e0lber en Can Cartr\u00f3 km 0,6, BV-2155, 08797, Barcelona<\/p>\n\n\n\n<p>Tel\u00e9fono: 973059128 \/ 650051630<\/p>\n\n\n\n<p>eMail: esportec@esportec.cat<\/p>\n\n\n\n<h2 class=\"wp-block-heading has-semiregular-font-size\" style=\"font-style:normal;font-weight:700\"><br>T\u00c9RMINOS LEGALES Y CONDICIONES<\/h2>\n\n\n\n<p>La utilizaci\u00f3n de este sitio web atribuye al navegante la condici\u00f3n de usuario del sitio, lo que implica la adhesi\u00f3n a las presentes condiciones en la versi\u00f3n publicada en el momento en que se permite la entrada. Por eso, EL TITULAR DE LA WEB recomienda al usuario leerlas atentamente cada vez que acceda al sitio web. El acceso a determinados contenidos ofrecidos a trav\u00e9s de este sitio web puede estar sometido a ciertas condiciones particulares propias que, seg\u00fan los casos, sustituyen, completan y\/o modifican estas condiciones generales. Por tanto, con anterioridad al acceso y\/o utilizaci\u00f3n de estos contenidos, el usuario debe leer atentamente tambi\u00e9n las correspondientes condiciones particulares. EL TITULAR DE LA WEB podr\u00e1 alterar en cualquier momento y sin previo aviso el dise\u00f1o, presentaci\u00f3n y\/o configuraci\u00f3n del sitio Web, as\u00ed como algunos o todos los Contenidos, y modificar las condiciones generales y\/o condiciones particulares requeridas para su utilizaci\u00f3n.<\/p>\n\n\n\n<h2 class=\"wp-block-heading has-semiregular-font-size\" style=\"font-style:normal;font-weight:700\"><br>RESPONSABILIDAD Y GARANT\u00cdA DEL TITULAR DE LA WEB<br><\/h2>\n\n\n\n<p class=\"has-base-font-size\"><strong>ACCESO<\/strong><\/p>\n\n\n\n<p>Con car\u00e1cter general, los usuarios podr\u00e1n acceder al sitio web de forma libre y gratuita. Sin embargo EL TITULAR DE LA WEB se reserva, de acuerdo con la legislaci\u00f3n vigente, el derecho de limitar el acceso a determinadas \u00e1reas del sitio web. En estos casos, como requisito previo para poder acceder al servicio, el Usuario deber\u00e1 registrarse facilitando toda la informaci\u00f3n solicitada, de forma actualizada y real (ver pol\u00edtica de privacidad). El uso de la contrase\u00f1a es personal e intransferible, no estando permitida la cesi\u00f3n, ni siquiera temporal, a terceros. En este sentido, el Usuario se compromete a hacer un uso diligente y mantenerla en secreto, asumiendo toda responsabilidad por las consecuencias de su divulgaci\u00f3n a terceros.<\/p>\n\n\n\n<p>\u00a0<br><strong>CONTENIDOS<\/strong><\/p>\n\n\n\n<p>EL TITULAR DE LA WEB se reserva el derecho a interrumpir el acceso a su sitio web, as\u00ed como la prestaci\u00f3n de cualquiera o de todos los Contenidos que se prestan a trav\u00e9s de la web en cualquier momento y sin previo aviso, ya sea por motivos t\u00e9cnicos, de seguridad, de control, de mantenimiento, por fallos de suministro el\u00e9ctrico o por cualquier otra causa. Esta interrupci\u00f3n podr\u00e1 tener car\u00e1cter temporal o definitivo; en este caso se comunicar\u00e1 tal circunstancia a los Usuarios, quienes podr\u00e1n sufrir la p\u00e9rdida, en su caso, de la informaci\u00f3n almacenada en los distintos servicios. En consecuencia, EL TITULAR DE LA WEB no garantiza la fiabilidad, la disponibilidad ni la continuidad de su sitio web ni de los Contenidos, tanto los propios como los de otros sitios web a los que se pueda acceder mediante enlaces, por lo que la utilizaci\u00f3n de los mismos por parte del Usuario se lleva a cabo por su propia cuenta y riesgo, sin que, en ning\u00fan momento, puedan exigir responsabilidades a EL TITULAR DE LA WEB en este sentido. EL TITULAR DE LA WEB no ser\u00e1 responsable de cualquier tipo de perjuicio, p\u00e9rdidas, reclamaciones o gastos de ning\u00fan tipo, de la informaci\u00f3n adquirida o accedida mediante oa trav\u00e9s del sitio web, de virus inform\u00e1ticos, de fallos operativos o de interrupciones en el servicio o transmisi\u00f3n, o fallos en la l\u00ednea. Queda prohibido transmitir o enviar a trav\u00e9s del sitio web cualquier contenido ilegal o il\u00edcito, virus inform\u00e1ticos, o mensajes que, en general, afecten o violen derechos de EL TITULAR DE LA WEB o de terceros.<\/p>\n\n\n\n<p><br><strong>PROPIEDAD INDUSTRIAL E INTELECTUAL<\/strong><\/p>\n\n\n\n<p>Esta web es propiedad de EL TITULAR DE LA WEB. Los derechos de Propiedad Intelectual y derechos de explotaci\u00f3n y reproducci\u00f3n de esta web, de sus p\u00e1ginas, pantallas, la informaci\u00f3n que contienen, su apariencia y dise\u00f1o, as\u00ed como los v\u00ednculos que se establezcan desde la web a otros p\u00e1ginas, son propiedad exclusiva del mismo, salvo que se especifique otra cosa. Todas las denominaciones, dise\u00f1os y\/o logos que componen esta p\u00e1gina son marcas debidamente registradas. Cualquier uso indebido de las mismas por persona distinta a su leg\u00edtimo titular podr\u00e1 ser perseguido de conformidad con la legislaci\u00f3n vigente. Los derechos de propiedad intelectual y marcas de terceros est\u00e1n convenientemente destacados y deben ser respetados por todo aquel que acceda a la web. S\u00f3lo para uso personal y privado se permite descargar los contenidos, copiar o imprimir cualquier p\u00e1gina de este sitio web. Queda prohibido reproducir, transmitir, modificar o suprimir la informaci\u00f3n, contenido o advertencias de esta web sin la previa autorizaci\u00f3n escrita de EL TITULAR DE LA WEB.<\/p>\n\n\n\n<h2 class=\"wp-block-heading has-semiregular-font-size\" style=\"font-style:normal;font-weight:700\"><br>LEGISLACI\u00d3N APLICABLE<\/h2>\n\n\n\n<p>Las presentes condiciones generales se rigen por la legislaci\u00f3n espa\u00f1ola<\/p>\n<\/div>\n<\/div>\n<\/div>\n","protected":false},"excerpt":{"rendered":"<p>Aviso legal<\/p>\n<p>IDENTIDAD DEL TITULAR DEL SITIO WEB<\/p>\n<p>Nombre comercial: Esportec Outdoor Sport, S.L.<\/p>\n<p>Denomi&#8230;<\/p>\n","protected":false},"author":1,"featured_media":0,"parent":0,"menu_order":0,"comment_status":"closed","ping_status":"closed","template":"","meta":{"_acf_changed":false,"footnotes":""},"class_list":["post-3790","page","type-page","status-publish","hentry"],"acf":[],"_links":{"self":[{"href":"https:\/\/www.esportec.cat\/es\/wp-json\/wp\/v2\/pages\/3790","targetHints":{"allow":["GET"]}}],"collection":[{"href":"https:\/\/www.esportec.cat\/es\/wp-json\/wp\/v2\/pages"}],"about":[{"href":"https:\/\/www.esportec.cat\/es\/wp-json\/wp\/v2\/types\/page"}],"author":[{"embeddable":true,"href":"https:\/\/www.esportec.cat\/es\/wp-json\/wp\/v2\/users\/1"}],"replies":[{"embeddable":true,"href":"https:\/\/www.esportec.cat\/es\/wp-json\/wp\/v2\/comments?post=3790"}],"version-history":[{"count":3,"href":"https:\/\/www.esportec.cat\/es\/wp-json\/wp\/v2\/pages\/3790\/revisions"}],"predecessor-version":[{"id":4167,"href":"https:\/\/www.esportec.cat\/es\/wp-json\/wp\/v2\/pages\/3790\/revisions\/4167"}],"wp:attachment":[{"href":"https:\/\/www.esportec.cat\/es\/wp-json\/wp\/v2\/media?parent=3790"}],"curies":[{"name":"wp","href":"https:\/\/api.w.org\/{rel}","templated":true}]}}