{"id":14156,"date":"2025-10-10T07:56:57","date_gmt":"2025-10-10T05:56:57","guid":{"rendered":"https:\/\/www.esportec.cat\/?page_id=14156"},"modified":"2025-10-10T08:22:23","modified_gmt":"2025-10-10T06:22:23","slug":"compra-online","status":"publish","type":"page","link":"https:\/\/www.esportec.cat\/es\/compra-online\/","title":{"rendered":"Compra online"},"content":{"rendered":"\n<div class=\"wp-block-group relative-wrapper alignfull is-layout-constrained wp-block-group-is-layout-constrained\">\n<div style=\"height:20px\" aria-hidden=\"true\" class=\"wp-block-spacer\"><\/div>\n\n\n\n<div class=\"wp-block-columns alignwide is-layout-flex wp-container-core-columns-is-layout-9d6595d7 wp-block-columns-is-layout-flex\">\n<div class=\"wp-block-column is-layout-flow wp-block-column-is-layout-flow\">\n<h2 class=\"wp-block-heading has-text-align-left has-secondary-color has-text-color has-xxxl-font-size\">Encuentra tu actividad<\/h2>\n\n\n\n<div style=\"height:25px\" aria-hidden=\"true\" class=\"wp-block-spacer\"><\/div>\n\n\n\n<div class=\"wp-block-query alignwide post-grid is-layout-constrained wp-block-query-is-layout-constrained\"><ul class=\"columns-2 alignwide wp-block-post-template is-layout-grid wp-container-core-post-template-is-layout-17361a50 wp-block-post-template-is-layout-grid\"><li class=\"wp-block-post post-4455 product type-product status-publish has-post-thumbnail product_place-port-del-comte-solsones product_season-invierno product_cat-en-familia-es product_cat-grupos product_cat-nieve product_cat-teambuilding-es product_tag-alberg-mirador-es product_tag-esqui-es product_tag-invierno product_tag-nieve product_tag-port-del-comte-es first outofstock shipping-taxable product-type-simple\">\n\n<div class=\"wp-block-columns is-layout-flex wp-container-core-columns-is-layout-9d6595d7 wp-block-columns-is-layout-flex\">\n<div class=\"wp-block-column is-layout-flow wp-block-column-is-layout-flow\" style=\"flex-basis:40%\"><figure style=\"aspect-ratio:1;\" class=\"wp-block-post-featured-image\"><a href=\"https:\/\/www.esportec.cat\/es\/actividades\/albergue-port-del-comte\/\" target=\"_self\"  ><img loading=\"lazy\" decoding=\"async\" width=\"1080\" height=\"1080\" src=\"https:\/\/www.esportec.cat\/wp-content\/uploads\/2025\/09\/ALBERG-MIRADOR.jpg\" class=\"attachment-full size-full wp-post-image\" alt=\"Invierno en el Albergue Mirador de Port del Comte\" style=\"width:100%;height:100%;object-fit:cover;\" srcset=\"https:\/\/www.esportec.cat\/wp-content\/uploads\/2025\/09\/ALBERG-MIRADOR.jpg 1080w, https:\/\/www.esportec.cat\/wp-content\/uploads\/2025\/09\/ALBERG-MIRADOR-600x600.jpg 600w, https:\/\/www.esportec.cat\/wp-content\/uploads\/2025\/09\/ALBERG-MIRADOR-1024x1024.jpg 1024w, https:\/\/www.esportec.cat\/wp-content\/uploads\/2025\/09\/ALBERG-MIRADOR-325x325.jpg 325w, https:\/\/www.esportec.cat\/wp-content\/uploads\/2025\/09\/ALBERG-MIRADOR-768x768.jpg 768w, https:\/\/www.esportec.cat\/wp-content\/uploads\/2025\/09\/ALBERG-MIRADOR-300x300.jpg 300w, https:\/\/www.esportec.cat\/wp-content\/uploads\/2025\/09\/ALBERG-MIRADOR-100x100.jpg 100w\" sizes=\"auto, (max-width: 1080px) 100vw, 1080px\" \/><\/a><\/figure><\/div>\n\n\n\n<div class=\"wp-block-column is-layout-flow wp-block-column-is-layout-flow\"><h3 class=\"lh-1-2 wp-block-post-title has-text-color has-secondary-color has-semiregular-font-size\"><a href=\"https:\/\/www.esportec.cat\/es\/actividades\/albergue-port-del-comte\/\" target=\"_self\" >Invierno en el Albergue Mirador de Port del Comte<\/a><\/h3>\n\n<div class=\"wp-block-post-terms has-small-font-size\"><span class=\"wp-block-post-terms__prefix\"><strong>Temporada:<\/strong> <\/span>Invierno<\/div><div class=\"wp-block-post-terms has-small-font-size\"><span class=\"wp-block-post-terms__prefix\"><strong>Tipo:<\/strong> <\/span>En fam\u00edlia, Grupos, Nieve, Teambuilding<\/div><div class=\"wp-block-post-terms has-small-font-size\"><span class=\"wp-block-post-terms__prefix\"><strong>Lugar:<\/strong> <\/span>Port del Comte (Solson\u00e8s)<\/div>\n\n\n<div style=\"height:10px\" aria-hidden=\"true\" class=\"wp-block-spacer\"><\/div>\n\n\n\n<div class=\"wp-block-group has-small-font-size is-horizontal is-content-justification-left is-nowrap is-layout-flex wp-container-core-group-is-layout-e0598304 wp-block-group-is-layout-flex\" style=\"font-style:normal;font-weight:700\"><div data-block-name=\"woocommerce\/product-price\" data-is-descendent-of-query-loop=\"true\" class=\"wp-block-woocommerce-product-price\" ><div class=\"wc-block-components-product-price wc-block-grid__product-price\" >\n\t\t\t\t\t\n\t\t\t\t<\/div><\/div>\n\n\n<h5 class=\"wp-block-heading\" style=\"font-style:normal;font-weight:400\">por persona<\/h5>\n<\/div>\n\n\n\n<div style=\"height:15px\" aria-hidden=\"true\" class=\"wp-block-spacer\"><\/div>\n\n\n<div data-block-name=\"woocommerce\/product-button\" data-is-descendent-of-query-loop=\"true\" data-text-align=\"left\" class=\"wp-block-button wc-block-components-product-button add-to-cart  align-left add-to-cart wp-block-woocommerce-product-button\"\n\t\t\t\t\t\n\t\t\t\t\tdata-wp-context='{\"quantityToAdd\":1,\"productId\":4455,\"productType\":\"simple\",\"addToCartText\":\"Comprar\",\"tempQuantity\":0,\"animationStatus\":\"IDLE\",\"inTheCartText\":\"### en el carrito\",\"noticeId\":\"\",\"hasPressedButton\":false}'\n\t\t\t\t>\n\t\t\t\t\t<a\n\t\t\t\t\t\tclass=\"wp-block-button__link wp-element-button wc-block-components-product-button__button product_type_simple has-text-align-left wc-interactive\"\n\t\t\t\t\t\tstyle=\"\"\n\t\t\t\t\t\thref=\"https:\/\/www.esportec.cat\/es\/actividades\/albergue-port-del-comte\/\" rel=\"nofollow\" data-product_id=\"4455\" data-product_sku=\"\" aria-label=\"Lee m\u00e1s sobre &ldquo;Invierno en el Albergue Mirador de Port del Comte&rdquo;\"\n\t\t\t\t\t\tdata-wp-on--click=\"woocommerce\/product-collection::actions.viewProduct\"\n\t\t\t\t\t>\n\t\t\t\t\t<span >Comprar<\/span>\n\t\t\t\t\t<\/a>\n\t\t\t\t\t\n\t\t\t\t<\/div><\/div>\n<\/div>\n\n\n\n<div style=\"height:25px\" aria-hidden=\"true\" class=\"wp-block-spacer\"><\/div>\n\n<\/li><li class=\"wp-block-post post-6455 product type-product status-publish has-post-thumbnail product_place-la-llosa-del-cavall-solsones product_place-la-molina product_place-la-mora-tarragones product_place-penedes product_place-port-del-comte-solsones product_place-sitges product_place-tamarit-tarragones product_place-tarragona product_season-invierno product_season-otono product_season-primavera-es product_season-verano product_cat-aventura-es product_cat-ecorutas product_cat-en-familia-es product_cat-grupos product_cat-mar-es product_cat-nieve product_cat-teambuilding-es product_tag-kayak product_tag-paddle-surf-es product_tag-xec-regal-es  instock virtual purchasable product-type-gift-card\">\n\n<div class=\"wp-block-columns is-layout-flex wp-container-core-columns-is-layout-9d6595d7 wp-block-columns-is-layout-flex\">\n<div class=\"wp-block-column is-layout-flow wp-block-column-is-layout-flow\" style=\"flex-basis:40%\"><figure style=\"aspect-ratio:1;\" class=\"wp-block-post-featured-image\"><a href=\"https:\/\/www.esportec.cat\/es\/actividades\/cheque-regalo\/\" target=\"_self\"  ><img loading=\"lazy\" decoding=\"async\" width=\"614\" height=\"614\" src=\"https:\/\/www.esportec.cat\/wp-content\/uploads\/2010\/03\/xec-regal-1.png\" class=\"attachment-full size-full wp-post-image\" alt=\"Cheque regalo\" style=\"width:100%;height:100%;object-fit:cover;\" srcset=\"https:\/\/www.esportec.cat\/wp-content\/uploads\/2010\/03\/xec-regal-1.png 614w, https:\/\/www.esportec.cat\/wp-content\/uploads\/2010\/03\/xec-regal-1-600x600.png 600w, https:\/\/www.esportec.cat\/wp-content\/uploads\/2010\/03\/xec-regal-1-325x325.png 325w, https:\/\/www.esportec.cat\/wp-content\/uploads\/2010\/03\/xec-regal-1-300x300.png 300w, https:\/\/www.esportec.cat\/wp-content\/uploads\/2010\/03\/xec-regal-1-100x100.png 100w\" sizes=\"auto, (max-width: 614px) 100vw, 614px\" \/><\/a><\/figure><\/div>\n\n\n\n<div class=\"wp-block-column is-layout-flow wp-block-column-is-layout-flow\"><h3 class=\"lh-1-2 wp-block-post-title has-text-color has-secondary-color has-semiregular-font-size\"><a href=\"https:\/\/www.esportec.cat\/es\/actividades\/cheque-regalo\/\" target=\"_self\" >Cheque regalo<\/a><\/h3>\n\n<div class=\"wp-block-post-terms has-small-font-size\"><span class=\"wp-block-post-terms__prefix\"><strong>Temporada:<\/strong> <\/span>Invierno, Oto\u00f1o, Primavera, Verano<\/div><div class=\"wp-block-post-terms has-small-font-size\"><span class=\"wp-block-post-terms__prefix\"><strong>Tipo:<\/strong> <\/span>Aventura, Ecorutas, En fam\u00edlia, Grupos, Mar, Nieve, Teambuilding<\/div><div class=\"wp-block-post-terms has-small-font-size\"><span class=\"wp-block-post-terms__prefix\"><strong>Lugar:<\/strong> <\/span>La Llosa del Cavall (Solson\u00e8s), La Molina, La Mora (Tarragon\u00e8s), Pened\u00e8s, Port del Comte (Solson\u00e8s), Sitges, Tamarit (Tarragon\u00e8s), Tarragona<\/div>\n\n\n<div style=\"height:10px\" aria-hidden=\"true\" class=\"wp-block-spacer\"><\/div>\n\n\n\n<div class=\"wp-block-group has-small-font-size is-horizontal is-content-justification-left is-nowrap is-layout-flex wp-container-core-group-is-layout-e0598304 wp-block-group-is-layout-flex\" style=\"font-style:normal;font-weight:700\"><div data-block-name=\"woocommerce\/product-price\" data-is-descendent-of-query-loop=\"true\" class=\"wp-block-woocommerce-product-price\" ><div class=\"wc-block-components-product-price wc-block-grid__product-price\" >\n\t\t\t\t\t\n\t\t\t\t<\/div><\/div>\n\n\n<h5 class=\"wp-block-heading\" style=\"font-style:normal;font-weight:400\">por persona<\/h5>\n<\/div>\n\n\n\n<div style=\"height:15px\" aria-hidden=\"true\" class=\"wp-block-spacer\"><\/div>\n\n\n<div data-block-name=\"woocommerce\/product-button\" data-is-descendent-of-query-loop=\"true\" data-text-align=\"left\" class=\"wp-block-button wc-block-components-product-button add-to-cart  align-left add-to-cart wp-block-woocommerce-product-button\"\n\t\t\t\t\t\n\t\t\t\t\tdata-wp-context='{\"quantityToAdd\":1,\"productId\":6455,\"productType\":\"gift-card\",\"addToCartText\":\"Selecciona la cantidad\",\"tempQuantity\":0,\"animationStatus\":\"IDLE\",\"inTheCartText\":\"### en el carrito\",\"noticeId\":\"\",\"hasPressedButton\":false}'\n\t\t\t\t>\n\t\t\t\t\t<a\n\t\t\t\t\t\tclass=\"wp-block-button__link wp-element-button wc-block-components-product-button__button add_to_cart_button product_type_gift-card has-text-align-left wc-interactive\"\n\t\t\t\t\t\tstyle=\"\"\n\t\t\t\t\t\thref=\"https:\/\/www.esportec.cat\/es\/actividades\/cheque-regalo\/\" rel=\"nofollow\" data-product_id=\"6455\" data-product_sku=\"\" aria-label=\"Lee m\u00e1s sobre &ldquo;Cheque regalo&rdquo;\"\n\t\t\t\t\t\tdata-wp-on--click=\"woocommerce\/product-collection::actions.viewProduct\"\n\t\t\t\t\t>\n\t\t\t\t\t<span >Selecciona la cantidad<\/span>\n\t\t\t\t\t<\/a>\n\t\t\t\t\t\n\t\t\t\t<\/div><\/div>\n<\/div>\n\n\n\n<div style=\"height:25px\" aria-hidden=\"true\" class=\"wp-block-spacer\"><\/div>\n\n<\/li><\/ul>\n\n<\/div>\n<\/div>\n<\/div>\n<\/div>\n","protected":false},"excerpt":{"rendered":"<p>Ubicado a pie de pistas de laestaci\u00f3n de esqu\u00ed alpino de Port del Comte, el Albergue Mirador es el alojamien&#8230;<\/p>\n","protected":false},"author":1,"featured_media":0,"parent":0,"menu_order":0,"comment_status":"closed","ping_status":"closed","template":"","meta":{"_acf_changed":false,"footnotes":""},"class_list":["post-14156","page","type-page","status-publish","hentry"],"acf":[],"_links":{"self":[{"href":"https:\/\/www.esportec.cat\/es\/wp-json\/wp\/v2\/pages\/14156","targetHints":{"allow":["GET"]}}],"collection":[{"href":"https:\/\/www.esportec.cat\/es\/wp-json\/wp\/v2\/pages"}],"about":[{"href":"https:\/\/www.esportec.cat\/es\/wp-json\/wp\/v2\/types\/page"}],"author":[{"embeddable":true,"href":"https:\/\/www.esportec.cat\/es\/wp-json\/wp\/v2\/users\/1"}],"replies":[{"embeddable":true,"href":"https:\/\/www.esportec.cat\/es\/wp-json\/wp\/v2\/comments?post=14156"}],"version-history":[{"count":6,"href":"https:\/\/www.esportec.cat\/es\/wp-json\/wp\/v2\/pages\/14156\/revisions"}],"predecessor-version":[{"id":14187,"href":"https:\/\/www.esportec.cat\/es\/wp-json\/wp\/v2\/pages\/14156\/revisions\/14187"}],"wp:attachment":[{"href":"https:\/\/www.esportec.cat\/es\/wp-json\/wp\/v2\/media?parent=14156"}],"curies":[{"name":"wp","href":"https:\/\/api.w.org\/{rel}","templated":true}]}}