{"id":6883,"date":"2018-09-27T12:36:52","date_gmt":"2018-09-27T10:36:52","guid":{"rendered":"https:\/\/www.esportec.cat\/activitats\/baix-penedes-segway-tour\/"},"modified":"2025-06-10T13:03:34","modified_gmt":"2025-06-10T11:03:34","slug":"baix-penedes-segway-tour","status":"publish","type":"product","link":"https:\/\/www.esportec.cat\/en\/activitats\/baix-penedes-segway-tour\/","title":{"rendered":"Baix Pened\u00e8s segway tour"},"content":{"rendered":"<h4>Baix Pened\u00e8s segway tour: get started on the segway in an unbeatable environment like the Baix Pened\u00e8s!<\/h4>\n<p>&nbsp;<\/p>\n<p>This guided Segway tour in the Baix Pened\u00e8s region offers a delightful experience. You\u2019ll explore vineyards, test your balance on this fun and sustainable vehicle, and enjoy the best views of the Pened\u00e8s region on two wheels.<\/p>\n<p>Accompanied by a guide, you\u2019ll learn how to maintain balance on the Segway. After mastering the initial turns, you\u2019ll <strong>glide along trails and paths until you reach the beach<\/strong>. It\u2019s an authentic adventure with just the right dose of excitement!<\/p>\n<p><span style=\"font-weight: 400;\">This guided Segway tour in the Baix Pened\u00e8s region offers a delightful experience. It has no technical difficulty, so you can <\/span><span style=\"font-weight: 400;\">enjoy it with family, friends, or work colleagues. We look forward to having you join us!<\/span><\/p>\n<p>&nbsp;<\/p>\n<h3><strong>SEGWAY TOUR DETAILS<\/strong><\/h3>\n<p><strong>Duration:<\/strong> 2 hours. Morning departures at 9 am and 10 am, and afternoon departures at 4 pm and 5 pm.<\/p>\n<p><strong>Distance: <\/strong> 10 km.<\/p>\n<p><strong>Points of interest: <span style=\"font-weight: 400;\">Sant Vicen\u00e7 de Calders, Platja de Coma-ruga, El Vendrell<\/span><\/strong><\/p>\n<p><strong>Route:<\/strong> Circular.<\/p>\n<p><strong>Difficulty: <\/strong> Easy<\/p>\n<p><strong>Departure point: <\/strong> <a href=\"https:\/\/maps.app.goo.gl\/x8C8MeNNjRDN6tbT9\" target=\"_blank\" rel=\"noopener\">Coma-ruga Tourist Office<\/a><\/p>\n<p>&nbsp;<\/p>\n<h3><strong>SEGWAY TOUR <\/strong><strong>SPECIFICATIONS<\/strong><\/h3>\n<ul>\n<li>The service includes a SEGWAY monitor, the SEGWAY handling course, and the SEGWAY rental for the specified route.<\/li>\n<li>It is mandatory for participants to be between 10 and 65 years old and have a weight ranging from 40 to 120 kilograms.<\/li>\n<li>The SEGWAY user must be able to mount and dismount independently without external assistance.<\/li>\n<li>A 15-minute training session on Segway handling will be provided at the beginning of the activity.<\/li>\n<li>The monitor will be responsible for the SEGWAY handling course and will assess the client\u2019s suitability for the tour. The monitor acts as the company\u2019s representative during the tour, and failure to follow their instructions during the route may result in immediate termination of the tour.<\/li>\n<li>The learning session will take place before the tour begins. At the start of the route, it will be assumed that the person understands the operation and handling of the SEGWAY, as well as the risks associated with its use. The company is exempt from any liability for falls or incidents of any kind.<\/li>\n<li>Users are obligated to use the rented equipment responsibly during the tour and assume responsibility for any damage resulting from use outside the conduct guidelines explained during the learning session.<\/li>\n<li>We recommend wearing comfortable clothing and footwear. Protect yourself from the sun during the summer.<\/li>\n<li>In case weather conditions prevent the activity from starting, it will be postponed to another day. If it cannot be completed, a full refund of the activity cost will be provided.<\/li>\n<li><a href=\"https:\/\/www.esportec.cat\/condicions-dus-de-les-activitats\/\" target=\"_blank\" rel=\"noopener\">Terms of Use for Activities<\/a><\/li>\n<\/ul>\n<p>&nbsp;<\/p>\n<p><iframe loading=\"lazy\" title=\"SEGWAY - Pened\u00e8s\" width=\"500\" height=\"281\" src=\"https:\/\/www.youtube.com\/embed\/RPzphGxP7vA?feature=oembed&#038;enablejsapi=1&#038;origin=https:\/\/www.esportec.cat\" frameborder=\"0\" allow=\"accelerometer; autoplay; clipboard-write; encrypted-media; gyroscope; picture-in-picture; web-share\" referrerpolicy=\"strict-origin-when-cross-origin\" allowfullscreen><\/iframe><\/p>\n","protected":false},"excerpt":{"rendered":"<p>Baix Pened\u00e8s segway tour: get started on the segway in an unbeatable environment like the Baix Pened\u00e8s!<br \/>\n&#038;nb&#8230;<\/p>\n","protected":false},"featured_media":860,"template":"","meta":{"_acf_changed":false},"product_place":[164],"product_season":[156,158,157],"product_brand":[],"product_cat":[81,314,90],"product_tag":[193,403,216,198],"giftcard-category":[],"class_list":{"0":"post-6883","1":"product","2":"type-product","3":"status-publish","4":"has-post-thumbnail","6":"product_place-penedes","7":"product_season-fall","8":"product_season-spring","9":"product_season-summer","10":"product_cat-ecotours","11":"product_cat-grups-en","12":"product_cat-teambuilding-en","13":"product_tag-ecorutes-en","14":"product_tag-penedes-en","15":"product_tag-segway-en","16":"product_tag-wine-tourism","18":"first","19":"instock","20":"virtual","21":"sold-individually","22":"purchasable","23":"product-type-booking"},"exclude_global_add_ons":false,"addons":[{"name":"Start time","type":"multiple_choice","position":0,"required":true,"title_format":"label","default":"","description_enable":false,"description":"","placeholder_enable":false,"placeholder":"","display":"select","restrictions_type":"any_text","adjust_price":false,"price":"","price_type":"flat_fee","restrictions":false,"min":"0","max":"0","options":[{"label":"9:00","price":"","price_type":"flat_fee","image":0,"visibility":true},{"label":"10:00","price":"","price_type":"flat_fee","image":0,"visibility":true},{"label":"16:00","price":"","price_type":"flat_fee","image":0,"visibility":true},{"label":"17:00","price":"","price_type":"flat_fee","image":0,"visibility":true}]},{"name":"Questions or comments","type":"custom_textarea","position":1,"required":false,"title_format":"label","default":"","description_enable":false,"description":"","placeholder_enable":false,"placeholder":"","display":"select","restrictions_type":"any_text","adjust_price":false,"price":"","price_type":"flat_fee","restrictions":false,"min":"0","max":"0","options":[]}],"acf":[],"_links":{"self":[{"href":"https:\/\/www.esportec.cat\/en\/wp-json\/wp\/v2\/product\/6883","targetHints":{"allow":["GET"]}}],"collection":[{"href":"https:\/\/www.esportec.cat\/en\/wp-json\/wp\/v2\/product"}],"about":[{"href":"https:\/\/www.esportec.cat\/en\/wp-json\/wp\/v2\/types\/product"}],"wp:featuredmedia":[{"embeddable":true,"href":"https:\/\/www.esportec.cat\/en\/wp-json\/wp\/v2\/media\/860"}],"wp:attachment":[{"href":"https:\/\/www.esportec.cat\/en\/wp-json\/wp\/v2\/media?parent=6883"}],"wp:term":[{"taxonomy":"product_place","embeddable":true,"href":"https:\/\/www.esportec.cat\/en\/wp-json\/wp\/v2\/product_place?post=6883"},{"taxonomy":"product_season","embeddable":true,"href":"https:\/\/www.esportec.cat\/en\/wp-json\/wp\/v2\/product_season?post=6883"},{"taxonomy":"product_brand","embeddable":true,"href":"https:\/\/www.esportec.cat\/en\/wp-json\/wp\/v2\/product_brand?post=6883"},{"taxonomy":"product_cat","embeddable":true,"href":"https:\/\/www.esportec.cat\/en\/wp-json\/wp\/v2\/product_cat?post=6883"},{"taxonomy":"product_tag","embeddable":true,"href":"https:\/\/www.esportec.cat\/en\/wp-json\/wp\/v2\/product_tag?post=6883"},{"taxonomy":"giftcard-category","embeddable":true,"href":"https:\/\/www.esportec.cat\/en\/wp-json\/wp\/v2\/giftcard-category?post=6883"}],"curies":[{"name":"wp","href":"https:\/\/api.w.org\/{rel}","templated":true}]}}